{"id":341,"date":"2025-12-02T16:36:55","date_gmt":"2025-12-02T16:36:55","guid":{"rendered":"https:\/\/toksvaerdhallen.dk\/?page_id=341"},"modified":"2025-12-02T16:36:55","modified_gmt":"2025-12-02T16:36:55","slug":"gdpr-privatlivspolitk","status":"publish","type":"page","link":"https:\/\/toksvaerdhallen.dk\/?page_id=341","title":{"rendered":"GDPR \/ Privatlivspolitk"},"content":{"rendered":"\n<h2 class=\"wp-block-heading\">GDPR \/ PRIVATLIVSPOLITIK G\u00c6LDENDE FOR TOKSV\u00c6RD HALLEN\u200b<\/h2>\n\n\n\n<p>Vi h\u00e5ndterer personoplysninger og har derfor vedtaget denne privatlivspolitik, der kort fort\u00e6ller dig, hvordan vi sikrer en fair og gennemsigtig behandling.<\/p>\n\n\n\n<p>Gennemg\u00e5ende for vores databehandling er, at vi kun behandler personoplysninger til bestemte form\u00e5l og ud fra berettigede (legitime) interesser. Vi behandler kun personoplysninger, der er relevante og n\u00f8dvendige til opfyldelse af de angivne form\u00e5l, og vi sletter dine oplysninger, n\u00e5r de ikke l\u00e6ngere er n\u00f8dvendige.<\/p>\n\n\n\n<p><strong>Vi behandler bl.a. f\u00f8lgende personoplysninger:<\/strong><\/p>\n\n\n\n<p>Registrerings- og kontaktoplysninger som navn, k\u00f8n, adresse, indmeldelsesdato, telefonnummer, f\u00f8dselsdato, e-mailadresse og lignende.<\/p>\n\n\n\n<p><strong>Form\u00e5l med behandling af personoplysninger:<\/strong><\/p>\n\n\n\n<p>Vi behandler dine personoplysninger til bestemte form\u00e5l, n\u00e5r vi har en lovlig grund. Lovlige grunde til behandling er s\u00e6rligt:<\/p>\n\n\n\n<ul class=\"wp-block-list\">\n<li>Toksv\u00e6rd Hallens berettigede interesser i at behandle dine oplysninger (interesseafvejningsreglen)<\/li>\n\n\n\n<li>Behandling efter lovkrav<\/li>\n\n\n\n<li>Behandling med samtykke<\/li>\n\n\n\n<li>Medlemsh\u00e5ndtering<\/li>\n\n\n\n<li>Som led i idr\u00e6tsaktiviteter og andre aktiviteter, herunder planl\u00e6gning, gennemf\u00f8relse og opf\u00f8lgning<\/li>\n\n\n\n<li>Opfyldelse af lovkrav, herunder folkeoplysningsloven<\/li>\n\n\n\n<li>Administration af din relation til os<\/li>\n<\/ul>\n\n\n\n<p>Du kan g\u00f8re brug af dine rettigheder, herunder g\u00f8re indsigelse mod vores behandling, ved at henvende dig til os. Vores kontaktoplysninger finder du p\u00e5 vores hjemmeside. <br>Hvis du f.eks. henvender dig med en anmodning om at f\u00e5 rettet eller slettet dine personoplysninger, unders\u00f8ger vi, om betingelserne er opfyldt, og gennemf\u00f8rer i s\u00e5 fald \u00e6ndringer eller sletning s\u00e5 hurtigt som muligt. <\/p>\n\n\n\n<p><strong>Revidering af privatlivspolitikken:<\/strong><br>Vi forbeholder os retten til at foretage \u00e6ndringer i denne privatlivspolitik fra tid til anden.<br>Den til enhver tid g\u00e6ldende privatlivspolitik vil v\u00e6re tilg\u00e6ngelig p\u00e5 vores websted. <\/p>\n","protected":false},"excerpt":{"rendered":"<p>GDPR \/ PRIVATLIVSPOLITIK G\u00c6LDENDE FOR TOKSV\u00c6RD HALLEN\u200b Vi h\u00e5ndterer personoplysninger og har derfor vedtaget denne privatlivspolitik, der kort fort\u00e6ller dig, hvordan vi sikrer en fair og gennemsigtig behandling. Gennemg\u00e5ende for vores databehandling er, at vi kun behandler personoplysninger til bestemte form\u00e5l og ud fra berettigede (legitime) interesser. Vi behandler kun personoplysninger, der er relevante og [&hellip;]<\/p>\n","protected":false},"author":1,"featured_media":0,"parent":0,"menu_order":0,"comment_status":"closed","ping_status":"closed","template":"","meta":{"footnotes":""},"class_list":["post-341","page","type-page","status-publish","hentry"],"_links":{"self":[{"href":"https:\/\/toksvaerdhallen.dk\/index.php?rest_route=\/wp\/v2\/pages\/341","targetHints":{"allow":["GET"]}}],"collection":[{"href":"https:\/\/toksvaerdhallen.dk\/index.php?rest_route=\/wp\/v2\/pages"}],"about":[{"href":"https:\/\/toksvaerdhallen.dk\/index.php?rest_route=\/wp\/v2\/types\/page"}],"author":[{"embeddable":true,"href":"https:\/\/toksvaerdhallen.dk\/index.php?rest_route=\/wp\/v2\/users\/1"}],"replies":[{"embeddable":true,"href":"https:\/\/toksvaerdhallen.dk\/index.php?rest_route=%2Fwp%2Fv2%2Fcomments&post=341"}],"version-history":[{"count":1,"href":"https:\/\/toksvaerdhallen.dk\/index.php?rest_route=\/wp\/v2\/pages\/341\/revisions"}],"predecessor-version":[{"id":343,"href":"https:\/\/toksvaerdhallen.dk\/index.php?rest_route=\/wp\/v2\/pages\/341\/revisions\/343"}],"wp:attachment":[{"href":"https:\/\/toksvaerdhallen.dk\/index.php?rest_route=%2Fwp%2Fv2%2Fmedia&parent=341"}],"curies":[{"name":"wp","href":"https:\/\/api.w.org\/{rel}","templated":true}]}}