{"id":34,"date":"2025-05-28T14:13:42","date_gmt":"2025-05-28T14:13:42","guid":{"rendered":"https:\/\/toksvaerdhallen.dk\/?page_id=34"},"modified":"2026-03-22T20:20:36","modified_gmt":"2026-03-22T20:20:36","slug":"aktivitetskalender","status":"publish","type":"page","link":"https:\/\/toksvaerdhallen.dk\/?page_id=34","title":{"rendered":"Aktivitetskalender"},"content":{"rendered":"\n<p><strong><u>Tr\u00e6ningstider TBK18\/8 &#8211; 2\/9 \u2013 18\/9 2025-28\/4 2026<\/u><\/strong><br><strong><u>Tr\u00e6ningstider LGF 08\/9 2025-21\/3 2026<\/u><\/strong><br><strong><u>Tr\u00e6ningstider TOF 24\/10 2025-27\/3 2026<\/u><\/strong><br><strong><u>Lundebakkeskolens tider 11\/8 2025-26\/6 2026<\/u><\/strong><br><strong><u>Holmegaard Heldagsskoles tider 21\/10 2025-07\/4 2026<\/u><\/strong><\/p>\n\n\n\n<figure class=\"wp-block-table\"><table class=\"has-fixed-layout\"><tbody><tr><td>&nbsp;<\/td><td>Mandag<\/td><td>Tirsdag<\/td><td>Onsdag<\/td><td>Torsdag<\/td><td>Fredag<\/td><td>L\u00f8rdag<\/td><td>S\u00f8ndag<\/td><td>&nbsp;<\/td><\/tr><tr><td>08.00- 08.45<\/td><td>&nbsp;<\/td><td>&nbsp;<\/td><td>CJ 3R PJ 3T<\/td><td>&nbsp;<\/td><td>&nbsp;<\/td><td>08.10 &nbsp;&nbsp;<\/td><td>08.10 &nbsp;<\/td><td>&nbsp;<\/td><\/tr><tr><td>08.45- 09.30<\/td><td>.,<\/td><td>&nbsp;<\/td><td>CJ 3R PJ 3T<\/td><td>&nbsp;<\/td><td>&nbsp;<\/td><td>09.00 &nbsp; TOF &nbsp;&nbsp;&nbsp;<\/td><td>09.00 &nbsp;<\/td><td>&nbsp;<\/td><\/tr><tr><td>10.00- 10.45<\/td><td>MH 1R NB 1T<\/td><td>LGF fra Kl.09.30<\/td><td>MH 4T<\/td><td>MH HO123<\/td><td>MH 2T<\/td><td>10.00 &nbsp;&nbsp; &nbsp;&nbsp;&nbsp;<\/td><td colspan=\"2\">09.50 &nbsp;&nbsp; TBK<\/td><\/tr><tr><td>10.45- 11.30<\/td><td>MH 1R MB 1T<\/td><td>LGF Kl.11.30<\/td><td>MH 4T<\/td><td>MH HO123<\/td><td>MH 2T<\/td><td>10.40 &nbsp;&nbsp;<\/td><td colspan=\"2\">10.40 &nbsp;<\/td><\/tr><tr><td>12.00- 12.45<\/td><td>HFH 6R PJ 6T<\/td><td>&nbsp;<\/td><td>&nbsp; &nbsp;<\/td><td>&nbsp;<\/td><td>H456<\/td><td>11.30<\/td><td colspan=\"2\">&nbsp;11.30 &nbsp;<\/td><\/tr><tr><td>12.45- 13.30<\/td><td>HFH 6R PJ 6T<\/td><td>HHS fra Kl.13.00<\/td><td>TBK fra&nbsp;&nbsp;&nbsp;&nbsp; Kl.12.45<\/td><td>H456<\/td><td>H456<\/td><td>&nbsp;<\/td><td colspan=\"2\">&nbsp;<\/td><\/tr><tr><td>13.30- 14.15<\/td><td>&nbsp;<\/td><td>HHS til Kl.14.40<\/td><td>&nbsp;&nbsp; TBK &nbsp;&nbsp;&nbsp; 17\/9<\/td><td>&nbsp;<\/td><td>&nbsp;<\/td><td>&nbsp;<\/td><td colspan=\"2\">&nbsp;<\/td><\/tr><tr><td>14.20- 15.10<\/td><td>&nbsp;<\/td><td>&nbsp;<\/td><td>&nbsp;&nbsp; TBK &nbsp;&nbsp; Kl.15.10<\/td><td>&nbsp;<\/td><td>&nbsp; &nbsp;<\/td><td>&nbsp;<\/td><td colspan=\"2\">&nbsp;<\/td><\/tr><tr><td>15.10- 16.00<\/td><td>&nbsp;&nbsp;<\/td><td>&nbsp;&nbsp; &nbsp;&nbsp;<\/td><td>&nbsp;&nbsp;<\/td><td>&nbsp;&nbsp;&nbsp;&nbsp;<\/td><td>&nbsp; &nbsp;<\/td><td>&nbsp;<\/td><td colspan=\"2\">&nbsp;<\/td><\/tr><tr><td>16.00- 16.50<\/td><td>&nbsp;&nbsp; &nbsp;<\/td><td>&nbsp;&nbsp;&nbsp; TBK &nbsp;&nbsp;&nbsp;<\/td><td>&nbsp;&nbsp; &nbsp;LGF &nbsp;&nbsp; 8\/9-21\/3<\/td><td>&nbsp;&nbsp; TBK &nbsp;<\/td><td>&nbsp; TOF &nbsp;24\/10-27\/3<\/td><td>&nbsp;<\/td><td colspan=\"2\">&nbsp;<\/td><\/tr><tr><td>16.50- 17.40<\/td><td>&nbsp;<\/td><td>&nbsp;&nbsp; &nbsp;TBK &nbsp;&nbsp;&nbsp;&nbsp; 2\/9<\/td><td>&nbsp;&nbsp; &nbsp;LGF<\/td><td>&nbsp;&nbsp; TBK &nbsp; &nbsp;&nbsp;&nbsp;4\/9<\/td><td>&nbsp; TOF .<\/td><td>&nbsp;<\/td><td colspan=\"2\">&nbsp;<\/td><\/tr><tr><td>17.40- 18.30<\/td><td>&nbsp;&nbsp; TBK &nbsp;&nbsp; 18\/8<\/td><td>&nbsp;&nbsp;&nbsp; TBK &nbsp;&nbsp; &nbsp;<\/td><td>&nbsp;&nbsp; &nbsp;LGF &nbsp;<\/td><td>&nbsp;&nbsp; TBK &nbsp;<\/td><td>&nbsp;&nbsp; TOF &nbsp;&nbsp;<\/td><td>&nbsp;<\/td><td colspan=\"2\">&nbsp;<\/td><\/tr><tr><td>18.30- 19.20<\/td><td>&nbsp;&nbsp; TBK &nbsp;<\/td><td>&nbsp;&nbsp;&nbsp; TBK<\/td><td>&nbsp;&nbsp; &nbsp;LGF &nbsp;&nbsp; &nbsp;<\/td><td>&nbsp; &nbsp;TBK <em>&nbsp;&nbsp;<\/em><\/td><td>&nbsp;&nbsp; TOF &nbsp;&nbsp;<\/td><td>&nbsp;<\/td><td colspan=\"2\">&nbsp;<\/td><\/tr><tr><td>19.20- 20.10<\/td><td>&nbsp;&nbsp; TBK &nbsp;<\/td><td>&nbsp;&nbsp;&nbsp; TBK<\/td><td>&nbsp;&nbsp; &nbsp;TBK &nbsp;<\/td><td>&nbsp;&nbsp; LGF &nbsp;&nbsp;<\/td><td>&nbsp;&nbsp; TOF &nbsp;<\/td><td>&nbsp;<\/td><td colspan=\"2\">&nbsp;<\/td><\/tr><tr><td>20.10- 21.00<\/td><td>&nbsp;&nbsp; TBK &nbsp;<\/td><td>&nbsp;<\/td><td>&nbsp;&nbsp; &nbsp;TBK &nbsp;<\/td><td>&nbsp;&nbsp; LGF&nbsp;&nbsp;&nbsp; &nbsp;&nbsp;<\/td><td>&nbsp;&nbsp; TOF &nbsp;&nbsp;<\/td><td>&nbsp;<\/td><td colspan=\"2\">&nbsp;<\/td><\/tr><tr><td>21.00- 21.50<\/td><td>&nbsp;&nbsp; TBK &nbsp;<\/td><td>&nbsp;&nbsp;<\/td><td>&nbsp;&nbsp; &nbsp;TBK &nbsp;<\/td><td>&nbsp;&nbsp;<\/td><td>&nbsp;&nbsp; TOF &nbsp;&nbsp;<\/td><td>&nbsp;<\/td><td colspan=\"2\">&nbsp;<\/td><\/tr><tr><td>21.50- 22.40<\/td><td>&nbsp;&nbsp; TBK &nbsp;<\/td><td>&nbsp;&nbsp;&nbsp;<\/td><td>&nbsp;&nbsp;&nbsp; &nbsp;<\/td><td>&nbsp;&nbsp; &nbsp; &nbsp;<\/td><td>&nbsp;&nbsp; TOF &nbsp;<\/td><td>&nbsp;<\/td><td colspan=\"2\">20062025 SVH<\/td><\/tr><\/tbody><\/table><\/figure>\n\n\n\n<p>TBK&nbsp;&nbsp;&nbsp;&nbsp;&nbsp;&nbsp;&nbsp; Toksv\u00e6rd Badminton Klub&nbsp;&nbsp;&nbsp;&nbsp;&nbsp;&nbsp;&nbsp;&nbsp;&nbsp;&nbsp;&nbsp;&nbsp;&nbsp;&nbsp;&nbsp;&nbsp;&nbsp;&nbsp;&nbsp;&nbsp;&nbsp;&nbsp;&nbsp;&nbsp;&nbsp;&nbsp;&nbsp;&nbsp;&nbsp;&nbsp;&nbsp;&nbsp;&nbsp;&nbsp;&nbsp;&nbsp;&nbsp;&nbsp;&nbsp;&nbsp;&nbsp;&nbsp;&nbsp;&nbsp;&nbsp;&nbsp;&nbsp;&nbsp;&nbsp;&nbsp;&nbsp;&nbsp;&nbsp;&nbsp;&nbsp;&nbsp;&nbsp;&nbsp;&nbsp;&nbsp;&nbsp;&nbsp;&nbsp;&nbsp;&nbsp;&nbsp;&nbsp;&nbsp;&nbsp;&nbsp;&nbsp;&nbsp;&nbsp;&nbsp;&nbsp;&nbsp;&nbsp;&nbsp;&nbsp;&nbsp;&nbsp;&nbsp;&nbsp;&nbsp;&nbsp;&nbsp;&nbsp;&nbsp;&nbsp;&nbsp;&nbsp;&nbsp;&nbsp;&nbsp;&nbsp;&nbsp;&nbsp;&nbsp;&nbsp;&nbsp;&nbsp;&nbsp;&nbsp;&nbsp; &nbsp;&nbsp;&nbsp;&nbsp;&nbsp;&nbsp;&nbsp;<br>LGF&nbsp;&nbsp;&nbsp;&nbsp;&nbsp;&nbsp;&nbsp; Lundebakke Gymnastik Forening<br>TOF&nbsp;&nbsp;&nbsp;&nbsp;&nbsp;&nbsp;&nbsp; Toksv\u00e6rd Olstrup Fodbold<br>HHS &nbsp;&nbsp;&nbsp;&nbsp;&nbsp; Holmegaard Heldagsskole<\/p>\n\n\n\n<p><strong><u>Toksv\u00e6rd Hallen 2025\/26<\/u><\/strong><br>weekender\/ s\u00e6rlige arrangementer.<\/p>\n\n\n\n<p><strong><u>Juni 2025<\/u><\/strong><br>Onsdage&nbsp;&nbsp;&nbsp;&nbsp;&nbsp;&nbsp;&nbsp;&nbsp;&nbsp;&nbsp;&nbsp;&nbsp;&nbsp;&nbsp;&nbsp;&nbsp;&nbsp;&nbsp;&nbsp;&nbsp;&nbsp; &nbsp;19.00- 21.00 TBK sommer badminton&nbsp;<br>S\u00f8n. 15.&nbsp; &nbsp;&nbsp;&nbsp;&nbsp;&nbsp;&nbsp;&nbsp;&nbsp;&nbsp;&nbsp;&nbsp;&nbsp;&nbsp;&nbsp;&nbsp;&nbsp;&nbsp;&nbsp;&nbsp;&nbsp;&nbsp; 15.00- 17.00 LGF<br>Ons. 25.&nbsp;&nbsp;&nbsp;&nbsp;&nbsp;&nbsp;&nbsp;&nbsp; &nbsp;&nbsp;&nbsp;&nbsp;&nbsp;&nbsp;&nbsp;&nbsp;&nbsp;&nbsp;&nbsp;&nbsp;&nbsp;&nbsp; 08.00- 21.00 Dimission for skolen<\/p>\n\n\n\n<p><strong><u>Juli<\/u><\/strong><br>Onsdage&nbsp;&nbsp;&nbsp;&nbsp;&nbsp;&nbsp;&nbsp;&nbsp;&nbsp;&nbsp;&nbsp;&nbsp;&nbsp;&nbsp;&nbsp;&nbsp;&nbsp;&nbsp;&nbsp;&nbsp;&nbsp; 19.00- 21.00 TBK sommer badminton<\/p>\n\n\n\n<p><strong><u>August.<\/u><\/strong><br>Onsd. 6. &amp;13.&nbsp;&nbsp;&nbsp;&nbsp;&nbsp;&nbsp;&nbsp;&nbsp;&nbsp;&nbsp;&nbsp;&nbsp;&nbsp; 19.00- 21.00 TBK sommer badminton<br>S\u00f8. 24.&nbsp;&nbsp;&nbsp; .&nbsp;&nbsp;&nbsp;&nbsp;&nbsp;&nbsp;&nbsp;&nbsp;&nbsp;&nbsp;&nbsp;&nbsp;&nbsp;&nbsp;&nbsp;&nbsp;&nbsp;&nbsp;&nbsp;&nbsp; 09.30- 13.00 LGF-smags-pr\u00f8vedag<\/p>\n\n\n\n<p><strong><u>September.<\/u><\/strong><br>Fr. 19.&nbsp;&nbsp;&nbsp;&nbsp; &#8211;&nbsp;&nbsp;&nbsp;&nbsp;&nbsp;&nbsp;&nbsp;&nbsp;&nbsp;&nbsp;&nbsp;&nbsp;&nbsp;&nbsp;&nbsp;&nbsp;&nbsp;&nbsp;&nbsp;&nbsp; 17.00-21.00 H\u00e5ndbold-st\u00e6vne N\u00e6stved Herlufsholm?<br>L\u00f8. 20.&nbsp;&nbsp;&nbsp; &#8211;&nbsp;&nbsp;&nbsp;&nbsp;&nbsp;&nbsp;&nbsp;&nbsp;&nbsp;&nbsp;&nbsp;&nbsp;&nbsp;&nbsp;&nbsp;&nbsp;&nbsp;&nbsp;&nbsp;&nbsp; 08.00-20.00 H\u00e5ndbold-st\u00e6vne N\u00e6stved Herlufsholm?<br>S\u00f8. 21.&nbsp;&nbsp;&nbsp; &#8211;&nbsp;&nbsp;&nbsp;&nbsp;&nbsp;&nbsp;&nbsp;&nbsp;&nbsp;&nbsp;&nbsp;&nbsp;&nbsp;&nbsp;&nbsp;&nbsp;&nbsp;&nbsp;&nbsp;&nbsp; 08.00-17.00 H\u00e5ndbold-st\u00e6vne N\u00e6stved Herlufsholm?<br>Tirs 23&nbsp;&nbsp;&nbsp; &#8211;&nbsp;&nbsp;&nbsp;&nbsp;&nbsp;&nbsp;&nbsp;&nbsp;&nbsp;&nbsp;&nbsp;&nbsp;&nbsp;&nbsp;&nbsp;&nbsp;&nbsp;&nbsp;&nbsp;&nbsp; 11.30-15.00 Bowls holdet l\u00e5ner cafeteriaet til 10 \u00e5rs jub.<br>L\u00f8. 27.&nbsp;&nbsp;&nbsp; &#8211;&nbsp;&nbsp;&nbsp;&nbsp;&nbsp;&nbsp;&nbsp;&nbsp;&nbsp;&nbsp;&nbsp;&nbsp;&nbsp;&nbsp;&nbsp;&nbsp;&nbsp;&nbsp;&nbsp;&nbsp; 09.00-19.00 TBK ungdomsturnering<\/p>\n\n\n\n<p><strong><u>Oktober.<\/u><\/strong><br>On.1&nbsp;&nbsp;&nbsp;&nbsp;&nbsp;&nbsp;&nbsp;&nbsp;&nbsp;&nbsp;&nbsp;&nbsp;&nbsp;&nbsp;&nbsp;&nbsp;&nbsp;&nbsp;&nbsp;&nbsp;&nbsp;&nbsp;&nbsp;&nbsp;&nbsp;&nbsp;&nbsp;&nbsp; 14.20- 21.00 Vejdirektoratet, m\u00f8de om motorvej<br>L\u00f8. 4&nbsp;&nbsp;&nbsp;&nbsp;&nbsp;&nbsp;&nbsp;&nbsp;&nbsp;&nbsp;&nbsp;&nbsp;&nbsp;&nbsp;&nbsp;&nbsp;&nbsp;&nbsp;&nbsp;&nbsp;&nbsp;&nbsp;&nbsp;&nbsp;&nbsp;&nbsp;&nbsp;&nbsp; 11.00- 15.00 TBK holdturnering<br>L\u00f8. 11&nbsp;&nbsp;&nbsp;&nbsp;&nbsp;&nbsp;&nbsp;&nbsp;&nbsp;&nbsp;&nbsp;&nbsp;&nbsp;&nbsp;&nbsp;&nbsp;&nbsp;&nbsp;&nbsp;&nbsp;&nbsp;&nbsp;&nbsp;&nbsp;&nbsp;&nbsp; 11.00- 13.00 TBK<br>On.15.&nbsp;&nbsp;&nbsp; &#8211;&nbsp;&nbsp;&nbsp;&nbsp;&nbsp;&nbsp;&nbsp;&nbsp;&nbsp;&nbsp;&nbsp;&nbsp;&nbsp;&nbsp;&nbsp;&nbsp;&nbsp;&nbsp;&nbsp;&nbsp; 08.00- 16.00 TBK badminton- \u00e6ldre-turnering<br>Ma. 20.&nbsp;&nbsp;&nbsp;&nbsp;&nbsp;&nbsp;&nbsp;&nbsp;&nbsp;&nbsp;&nbsp;&nbsp;&nbsp;&nbsp;&nbsp;&nbsp;&nbsp;&nbsp;&nbsp;&nbsp;&nbsp;&nbsp;&nbsp;&nbsp; 14.00- 16.00 TBK<br>L\u00f8. 25.&nbsp;&nbsp;&nbsp;&nbsp;&nbsp;&nbsp;&nbsp;&nbsp;&nbsp;&nbsp;&nbsp;&nbsp;&nbsp;&nbsp;&nbsp;&nbsp;&nbsp;&nbsp;&nbsp;&nbsp;&nbsp;&nbsp;&nbsp;&nbsp;&nbsp; 11.00- 15.00 TBK holdturnering<br>Ma. 27.&nbsp;&nbsp;&nbsp;&nbsp;&nbsp;&nbsp;&nbsp;&nbsp;&nbsp;&nbsp;&nbsp;&nbsp;&nbsp;&nbsp;&nbsp;&nbsp;&nbsp;&nbsp;&nbsp;&nbsp;&nbsp;&nbsp;&nbsp;&nbsp; 14.00- 16.00 TBK<br>S\u00f8. 26.&nbsp;&nbsp;&nbsp;&nbsp;&nbsp;&nbsp;&nbsp;&nbsp;&nbsp;&nbsp;&nbsp;&nbsp;&nbsp;&nbsp;&nbsp;&nbsp;&nbsp;&nbsp;&nbsp;&nbsp;&nbsp;&nbsp;&nbsp;&nbsp;&nbsp; 11.00- 15.00 TBK holdturnering<\/p>\n\n\n\n<p><strong><u>November.<\/u><\/strong><br>L\u00f8. 1.&nbsp;&nbsp;&nbsp;&nbsp;&nbsp;&nbsp;&nbsp;&nbsp;&nbsp;&nbsp;&nbsp;&nbsp;&nbsp;&nbsp;&nbsp;&nbsp;&nbsp;&nbsp;&nbsp;&nbsp;&nbsp;&nbsp;&nbsp;&nbsp;&nbsp;&nbsp;&nbsp; 08.00- 19.00 Bordtennisst\u00e6vne N\u00e6stved Bordtennis<br>S\u00f8. 2-&nbsp;&nbsp;&nbsp;&nbsp;&nbsp;&nbsp;&nbsp;&nbsp;&nbsp;&nbsp;&nbsp;&nbsp;&nbsp;&nbsp;&nbsp;&nbsp;&nbsp;&nbsp;&nbsp;&nbsp;&nbsp;&nbsp;&nbsp;&nbsp;&nbsp;&nbsp;&nbsp; 08.00- 19.00 Bordtennisst\u00e6vne N\u00e6stved Bordtennis<br>Ma. 3.&nbsp;&nbsp;&nbsp;&nbsp;&nbsp;&nbsp;&nbsp;&nbsp;&nbsp;&nbsp;&nbsp;&nbsp;&nbsp;&nbsp;&nbsp;&nbsp;&nbsp;&nbsp;&nbsp;&nbsp;&nbsp;&nbsp;&nbsp;&nbsp;&nbsp;&nbsp; 14.00- 16.00 TBK<br>Ma. 10&nbsp;&nbsp;&nbsp;&nbsp;&nbsp;&nbsp;&nbsp;&nbsp;&nbsp;&nbsp;&nbsp;&nbsp;&nbsp;&nbsp;&nbsp;&nbsp;&nbsp;&nbsp;&nbsp;&nbsp;&nbsp;&nbsp;&nbsp;&nbsp;&nbsp; 14.00- 16.00 TBK<br>L\u00f8. 15&nbsp;&nbsp;&nbsp;&nbsp;&nbsp;&nbsp;&nbsp;&nbsp;&nbsp;&nbsp;&nbsp;&nbsp;&nbsp;&nbsp;&nbsp;&nbsp;&nbsp;&nbsp;&nbsp;&nbsp;&nbsp;&nbsp;&nbsp;&nbsp;&nbsp;&nbsp; 11.00- 14.00 TBK holdturnering<br>Ma. 24.&nbsp;&nbsp;&nbsp;&nbsp;&nbsp;&nbsp;&nbsp;&nbsp;&nbsp;&nbsp;&nbsp;&nbsp;&nbsp;&nbsp;&nbsp;&nbsp;&nbsp;&nbsp;&nbsp;&nbsp;&nbsp;&nbsp;&nbsp;&nbsp; 10.00- 16.00 M\u00f8de seniorklubben af skolel\u00e6rere<br>L\u00f8. 29.&nbsp;&nbsp;&nbsp; &#8211;&nbsp;&nbsp;&nbsp;&nbsp;&nbsp;&nbsp;&nbsp;&nbsp;&nbsp;&nbsp;&nbsp;&nbsp;&nbsp;&nbsp;&nbsp;&nbsp;&nbsp;&nbsp;&nbsp;&nbsp; 09.00- 19.00 TBK badminton-sj\u00e6llandsmesterskab<br>&nbsp;&nbsp;&nbsp;&nbsp;&nbsp;&nbsp;&nbsp;&nbsp;&nbsp;&nbsp;&nbsp;&nbsp;&nbsp;&nbsp;&nbsp;&nbsp;&nbsp;&nbsp;&nbsp;&nbsp;&nbsp;&nbsp;&nbsp;&nbsp;&nbsp;&nbsp;&nbsp;&nbsp;&nbsp;&nbsp;&nbsp;&nbsp;&nbsp;&nbsp;&nbsp;&nbsp; ungdom&nbsp;&nbsp; &nbsp;<\/p>\n\n\n\n<p><strong><u>December.<\/u><\/strong><br>L\u00f8. 6.&nbsp;&nbsp;&nbsp;&nbsp;&nbsp;&nbsp;&nbsp;&nbsp;&nbsp;&nbsp;&nbsp;&nbsp;&nbsp;&nbsp;&nbsp;&nbsp;&nbsp;&nbsp;&nbsp;&nbsp;&nbsp;&nbsp;&nbsp;&nbsp;&nbsp;&nbsp;&nbsp; 11.00- 14.00 TBK holdturnering<br>L\u00f8. 13.&nbsp;&nbsp;&nbsp;&nbsp;&nbsp;&nbsp;&nbsp;&nbsp;&nbsp;&nbsp;&nbsp;&nbsp;&nbsp;&nbsp;&nbsp;&nbsp;&nbsp;&nbsp;&nbsp;&nbsp;&nbsp;&nbsp;&nbsp;&nbsp;&nbsp; 10.00- 12.00 TBK holdturnering<br>Man. 29. &#8211;&nbsp;&nbsp;&nbsp;&nbsp;&nbsp;&nbsp;&nbsp;&nbsp;&nbsp;&nbsp;&nbsp;&nbsp;&nbsp;&nbsp;&nbsp;&nbsp;&nbsp;&nbsp;&nbsp;&nbsp; 09.00- 16.00 TBK badminton-ungdom-.U9-U11-U17\/19<\/p>\n\n\n\n<p><strong><u>Januar.<\/u><\/strong><br>S\u00f8. 04&nbsp;&nbsp;&nbsp;&nbsp;&nbsp;&nbsp;&nbsp;&nbsp;&nbsp;&nbsp;&nbsp;&nbsp;&nbsp;&nbsp;&nbsp;&nbsp;&nbsp;&nbsp;&nbsp;&nbsp;&nbsp;&nbsp;&nbsp;&nbsp;&nbsp;&nbsp; 09.00- 17.00 TBK Begynderturnering<br>L\u00f8. 10.&nbsp;&nbsp;&nbsp; .&nbsp;&nbsp;&nbsp;&nbsp;&nbsp;&nbsp;&nbsp;&nbsp;&nbsp;&nbsp;&nbsp;&nbsp;&nbsp;&nbsp;&nbsp;&nbsp;&nbsp;&nbsp;&nbsp;&nbsp; 11.00- 16.00 TBK holdturnering<br>S\u00f8. 11&nbsp;&nbsp;&nbsp;&nbsp;&nbsp;&nbsp;&nbsp;&nbsp;&nbsp;&nbsp;&nbsp;&nbsp;&nbsp;&nbsp;&nbsp;&nbsp;&nbsp;&nbsp;&nbsp;&nbsp;&nbsp;&nbsp;&nbsp;&nbsp;&nbsp;&nbsp; 11.00- 15.00 TBK holdturnering<br>L\u00f8. 31&nbsp;&nbsp;&nbsp;&nbsp;&nbsp;&nbsp;&nbsp;&nbsp;&nbsp;&nbsp;&nbsp;&nbsp;&nbsp;&nbsp;&nbsp;&nbsp;&nbsp;&nbsp;&nbsp;&nbsp;&nbsp;&nbsp;&nbsp;&nbsp;&nbsp;&nbsp; 11.00- 15.00 TBK holdturnering<\/p>\n\n\n\n<p><strong><u>Februar.<\/u><\/strong><br>S\u00f8. 1.&nbsp;&nbsp;&nbsp;&nbsp;&nbsp;&nbsp;&nbsp;&nbsp;&nbsp;&nbsp;&nbsp;&nbsp;&nbsp;&nbsp;&nbsp;&nbsp;&nbsp;&nbsp;&nbsp;&nbsp;&nbsp;&nbsp;&nbsp;&nbsp;&nbsp;&nbsp;&nbsp; 11.00- 13.00 TBK holdturnering<br>S\u00f8. 8.&nbsp;&nbsp;&nbsp;&nbsp;&nbsp;&nbsp;&nbsp;&nbsp;&nbsp;&nbsp;&nbsp;&nbsp;&nbsp;&nbsp;&nbsp;&nbsp;&nbsp;&nbsp;&nbsp;&nbsp;&nbsp;&nbsp;&nbsp;&nbsp;&nbsp;&nbsp;&nbsp; 10.40- 16.00 Privat arr. (Morten P.)<br>S\u00f8. 15.&nbsp;&nbsp;&nbsp;&nbsp;&nbsp;&nbsp;&nbsp;&nbsp;&nbsp;&nbsp;&nbsp;&nbsp;&nbsp;&nbsp;&nbsp;&nbsp;&nbsp;&nbsp;&nbsp;&nbsp;&nbsp;&nbsp;&nbsp;&nbsp;&nbsp; 11.00 -13.00 TBK holdturnering<br>L\u00f8. 21.&nbsp;&nbsp;&nbsp;&nbsp;&nbsp;&nbsp;&nbsp;&nbsp;&nbsp;&nbsp;&nbsp;&nbsp;&nbsp;&nbsp;&nbsp;&nbsp;&nbsp;&nbsp;&nbsp;&nbsp;&nbsp;&nbsp;&nbsp;&nbsp;&nbsp; 11.00- 13.00 TBK holdturnering<br>S\u00f8. 22.&nbsp;&nbsp;&nbsp;&nbsp;&nbsp;&nbsp;&nbsp;&nbsp;&nbsp;&nbsp;&nbsp;&nbsp;&nbsp;&nbsp;&nbsp;&nbsp;&nbsp;&nbsp;&nbsp;&nbsp;&nbsp;&nbsp;&nbsp;&nbsp;&nbsp; 11.00- 13.00 TBK holdturnering<br>L\u00f8. 28.&nbsp;&nbsp;&nbsp; &#8211;&nbsp;&nbsp;&nbsp;&nbsp;&nbsp;&nbsp;&nbsp;&nbsp;&nbsp;&nbsp;&nbsp;&nbsp;&nbsp;&nbsp;&nbsp;&nbsp;&nbsp;&nbsp;&nbsp;&nbsp; 08.00- 00.00 <em>Halfest!!!!<\/em><\/p>\n\n\n\n<p><strong><u>Marts.<\/u><\/strong><br>S\u00f8. 1.&nbsp;&nbsp;&nbsp;&nbsp;&nbsp;&nbsp;&nbsp;&nbsp;&nbsp;&nbsp;&nbsp;&nbsp;&nbsp;&nbsp;&nbsp;&nbsp;&nbsp;&nbsp;&nbsp;&nbsp;&nbsp;&nbsp;&nbsp;&nbsp;&nbsp;&nbsp;&nbsp; Aflyst pga. halfest<br>L\u00f8. 7.&nbsp;&nbsp;&nbsp;&nbsp;&nbsp;&nbsp;&nbsp;&nbsp;&nbsp;&nbsp;&nbsp;&nbsp;&nbsp;&nbsp;&nbsp;&nbsp;&nbsp;&nbsp;&nbsp;&nbsp;&nbsp;&nbsp;&nbsp;&nbsp;&nbsp;&nbsp;&nbsp; 11.00- 15.00 TBK holdturnering<br>S\u00f8. 8.&nbsp;&nbsp;&nbsp;&nbsp;&nbsp;&nbsp;&nbsp;&nbsp;&nbsp;&nbsp;&nbsp;&nbsp;&nbsp;&nbsp;&nbsp;&nbsp;&nbsp;&nbsp;&nbsp;&nbsp;&nbsp;&nbsp;&nbsp;&nbsp;&nbsp;&nbsp;&nbsp; 14.00- 16.00 LGF Gymnastik<br>Ti. 10.&nbsp;&nbsp;&nbsp;&nbsp; &#8211;&nbsp;&nbsp;&nbsp;&nbsp;&nbsp;&nbsp;&nbsp;&nbsp;&nbsp;&nbsp;&nbsp;&nbsp;&nbsp;&nbsp;&nbsp;&nbsp;&nbsp;&nbsp;&nbsp;&nbsp; 19.00- 20.00 Toksv\u00e6rd Hallens gen.f.s. i cafeteria<br>On. 11.&nbsp;&nbsp; &#8211;&nbsp;&nbsp;&nbsp;&nbsp;&nbsp;&nbsp;&nbsp;&nbsp;&nbsp;&nbsp;&nbsp;&nbsp;&nbsp;&nbsp;&nbsp;&nbsp;&nbsp;&nbsp;&nbsp;&nbsp; 19.30- 21.00 Brugerm\u00f8de i cafeteria<br>L\u00f8. 21.&nbsp;&nbsp;&nbsp; &#8211;&nbsp;&nbsp;&nbsp;&nbsp;&nbsp;&nbsp;&nbsp;&nbsp;&nbsp;&nbsp;&nbsp;&nbsp;&nbsp;&nbsp;&nbsp;&nbsp;&nbsp;&nbsp;&nbsp;&nbsp; 14.00- 17.30 LGF gymnastikopv.(halleje kl.10.00-18.00)<br>S\u00f8. 22.&nbsp;&nbsp;&nbsp;&nbsp;&nbsp;&nbsp;&nbsp;&nbsp;&nbsp;&nbsp;&nbsp;&nbsp;&nbsp;&nbsp;&nbsp;&nbsp;&nbsp;&nbsp;&nbsp;&nbsp;&nbsp;&nbsp;&nbsp;&nbsp;&nbsp; 11.00- 16.00 TBK holdturnering<br>L\u00f8. 28.&nbsp;&nbsp;&nbsp; &#8211;&nbsp;&nbsp;&nbsp;&nbsp;&nbsp;&nbsp;&nbsp;&nbsp;&nbsp;&nbsp;&nbsp;&nbsp;&nbsp;&nbsp;&nbsp;&nbsp;&nbsp;&nbsp;&nbsp;&nbsp; 10.00- 15.00 TBK badminton \u2013 klubmesterskab \u2013 ungdom<br>S\u00f8. 29.&nbsp;&nbsp;&nbsp;&nbsp;&nbsp;&nbsp;&nbsp;&nbsp;&nbsp;&nbsp;&nbsp;&nbsp;&nbsp;&nbsp;&nbsp;&nbsp;&nbsp;&nbsp;&nbsp;&nbsp;&nbsp;&nbsp;&nbsp;&nbsp;&nbsp; 11.00- 16.00 TBK holdturnering<\/p>\n\n\n\n<p><strong><u>April.<\/u><\/strong><br>L\u00f8. 25.&nbsp;&nbsp;&nbsp; &#8211;&nbsp;&nbsp;&nbsp;&nbsp;&nbsp;&nbsp;&nbsp;&nbsp;&nbsp;&nbsp;&nbsp;&nbsp;&nbsp;&nbsp;&nbsp;&nbsp;&nbsp;&nbsp;&nbsp;&nbsp; 09.00- 18.00 TBK badminton-klubmesterskab-voksne<br>Ma. 28.&nbsp;&nbsp; &#8211;&nbsp;&nbsp;&nbsp;&nbsp;&nbsp;&nbsp;&nbsp;&nbsp;&nbsp;&nbsp;&nbsp;&nbsp;&nbsp;&nbsp;&nbsp;&nbsp;&nbsp;&nbsp;&nbsp;&nbsp; 18.00- 21.00 TBK badminton-generalforsamling i cafeteria<\/p>\n\n\n\n<p><strong><u>Maj 2026<\/u><\/strong><br>L\u00f8. 9.&nbsp;&nbsp;&nbsp;&nbsp;&nbsp;&nbsp;&nbsp;&nbsp;&nbsp;&nbsp;&nbsp;&nbsp;&nbsp;&nbsp;&nbsp;&nbsp;&nbsp;&nbsp;&nbsp;&nbsp;&nbsp;&nbsp;&nbsp;&nbsp;&nbsp;&nbsp;&nbsp; 11.00- 14.00 TBK holdturnering<\/p>\n\n\n\n<p><strong><u>Juni 2026<\/u><\/strong><br>L\u00f8. 13.&nbsp;&nbsp;&nbsp; Kl.&nbsp;&nbsp;&nbsp;&nbsp;&nbsp;&nbsp;&nbsp;&nbsp;&nbsp;&nbsp;&nbsp;&nbsp;&nbsp;&nbsp;&nbsp;&nbsp; 08.00- 22.00 Privat arr.(Gerner H.)<\/p>\n\n\n\n<p><strong><u>Aug. 2026<\/u><\/strong>&nbsp;&nbsp;&nbsp;&nbsp;&nbsp;&nbsp;&nbsp;&nbsp;&nbsp;&nbsp;&nbsp;&nbsp;&nbsp;&nbsp;&nbsp;&nbsp;&nbsp;&nbsp;&nbsp;<br>S\u00f8. 30.&nbsp;&nbsp;&nbsp;&nbsp;&nbsp;&nbsp;&nbsp;&nbsp;&nbsp;&nbsp;&nbsp;&nbsp;&nbsp;&nbsp;&nbsp;&nbsp;&nbsp;&nbsp;&nbsp;&nbsp;&nbsp;&nbsp;&nbsp;&nbsp;&nbsp; 14.30- 18.30 LGF Gymnastik<\/p>\n\n\n\n<p><strong><u>Aflysninger.<\/u><\/strong><br>Juni 2025&nbsp;&nbsp;&nbsp;&nbsp;&nbsp;&nbsp;&nbsp;&nbsp;&nbsp;&nbsp;&nbsp;&nbsp;&nbsp;&nbsp;&nbsp;&nbsp;&nbsp;&nbsp;&nbsp;&nbsp; Ons. 25.&nbsp;&nbsp;&nbsp;&nbsp;&nbsp;&nbsp;&nbsp;&nbsp;&nbsp;&nbsp;&nbsp;&nbsp;&nbsp;&nbsp;&nbsp;&nbsp;&nbsp;&nbsp;&nbsp;&nbsp;&nbsp;&nbsp;&nbsp;&nbsp;&nbsp;&nbsp;&nbsp;&nbsp;&nbsp; Kl.&nbsp;&nbsp;&nbsp;&nbsp;&nbsp;&nbsp;&nbsp;&nbsp;&nbsp;&nbsp;&nbsp;&nbsp;&nbsp;&nbsp;&nbsp;&nbsp; 19.00- 21-00 TBK<br>September&nbsp;&nbsp;&nbsp;&nbsp;&nbsp;&nbsp;&nbsp; &nbsp;&nbsp;&nbsp;&nbsp;&nbsp;&nbsp;&nbsp;&nbsp;&nbsp;&nbsp;&nbsp;&nbsp;S\u00f8. 21.&nbsp;&nbsp;&nbsp;&nbsp;&nbsp;&nbsp;&nbsp;&nbsp;&nbsp;&nbsp;&nbsp;&nbsp;&nbsp;&nbsp;&nbsp;&nbsp;&nbsp;&nbsp;&nbsp;&nbsp;&nbsp;&nbsp;&nbsp;&nbsp;&nbsp;&nbsp;&nbsp;&nbsp;&nbsp;&nbsp;&nbsp; Kl.&nbsp;&nbsp;&nbsp;&nbsp;&nbsp;&nbsp;&nbsp;&nbsp;&nbsp;&nbsp;&nbsp;&nbsp;&nbsp;&nbsp;&nbsp;&nbsp; 09.50- 10.40 TBK<br>Oktober&nbsp; &nbsp;&nbsp;&nbsp;&nbsp;&nbsp;&nbsp;&nbsp;&nbsp;&nbsp;&nbsp;&nbsp;&nbsp;&nbsp;&nbsp;&nbsp;&nbsp;&nbsp;&nbsp;&nbsp;&nbsp;&nbsp; On. 1.&nbsp;&nbsp;&nbsp;&nbsp;&nbsp;&nbsp;&nbsp;&nbsp;&nbsp;&nbsp;&nbsp;&nbsp;&nbsp;&nbsp;&nbsp;&nbsp;&nbsp;&nbsp;&nbsp;&nbsp;&nbsp;&nbsp;&nbsp;&nbsp;&nbsp;&nbsp;&nbsp;&nbsp;&nbsp;&nbsp;&nbsp;&nbsp;&nbsp; KL&nbsp;&nbsp;&nbsp;&nbsp;&nbsp;&nbsp;&nbsp;&nbsp;&nbsp;&nbsp;&nbsp;&nbsp;&nbsp;&nbsp;&nbsp; 14.20- 15.10 TBK<br>&nbsp;&nbsp;&nbsp;&nbsp;&nbsp;&nbsp;&nbsp;&nbsp;&nbsp;&nbsp;&nbsp;&nbsp;&nbsp;&nbsp;&nbsp;&nbsp;&nbsp;&nbsp;&nbsp;&nbsp;&nbsp;&nbsp;&nbsp;&nbsp;&nbsp;&nbsp;&nbsp;&nbsp;&nbsp;&nbsp;&nbsp;&nbsp;&nbsp;&nbsp;&nbsp;&nbsp; On. 1.&nbsp;&nbsp;&nbsp;&nbsp;&nbsp;&nbsp;&nbsp;&nbsp;&nbsp;&nbsp;&nbsp;&nbsp;&nbsp;&nbsp;&nbsp;&nbsp;&nbsp;&nbsp;&nbsp;&nbsp;&nbsp;&nbsp;&nbsp;&nbsp;&nbsp;&nbsp;&nbsp;&nbsp;&nbsp;&nbsp;&nbsp;&nbsp;&nbsp; Kl&nbsp;&nbsp;&nbsp;&nbsp;&nbsp;&nbsp;&nbsp;&nbsp;&nbsp;&nbsp;&nbsp;&nbsp;&nbsp;&nbsp;&nbsp;&nbsp;&nbsp; 16.00- 19.20 LGF<br>&nbsp;&nbsp;&nbsp;&nbsp;&nbsp;&nbsp;&nbsp;&nbsp;&nbsp;&nbsp;&nbsp;&nbsp;&nbsp;&nbsp;&nbsp;&nbsp;&nbsp;&nbsp;&nbsp;&nbsp;&nbsp;&nbsp;&nbsp;&nbsp;&nbsp;&nbsp;&nbsp;&nbsp;&nbsp;&nbsp;&nbsp;&nbsp;&nbsp;&nbsp;&nbsp;&nbsp; On. 1.&nbsp;&nbsp;&nbsp;&nbsp;&nbsp;&nbsp;&nbsp;&nbsp;&nbsp;&nbsp;&nbsp;&nbsp;&nbsp;&nbsp;&nbsp;&nbsp;&nbsp;&nbsp;&nbsp;&nbsp;&nbsp;&nbsp;&nbsp;&nbsp;&nbsp;&nbsp;&nbsp;&nbsp;&nbsp;&nbsp;&nbsp;&nbsp;&nbsp; Kl&nbsp;&nbsp;&nbsp;&nbsp;&nbsp;&nbsp;&nbsp;&nbsp;&nbsp;&nbsp;&nbsp;&nbsp;&nbsp;&nbsp;&nbsp;&nbsp;&nbsp; 19.20- 21.50 TBK<br>                                     On. 15.&nbsp;&nbsp;&nbsp;&nbsp;&nbsp;&nbsp;&nbsp;&nbsp;&nbsp;&nbsp;&nbsp;&nbsp;&nbsp;&nbsp;&nbsp;&nbsp;&nbsp;&nbsp;&nbsp;&nbsp;&nbsp;&nbsp;&nbsp;&nbsp;&nbsp;&nbsp;&nbsp;&nbsp;&nbsp;&nbsp;&nbsp; Kl.&nbsp;&nbsp;&nbsp;&nbsp;&nbsp;&nbsp;&nbsp;&nbsp;&nbsp;&nbsp;&nbsp;&nbsp;&nbsp;&nbsp;&nbsp;&nbsp; 12.45- 15.10 TBK<br>November &nbsp;&nbsp;&nbsp;&nbsp;&nbsp;&nbsp;&nbsp;&nbsp;&nbsp;&nbsp;&nbsp;&nbsp;&nbsp;&nbsp;&nbsp;&nbsp;&nbsp;&nbsp; L\u00f8. 1.&nbsp; &nbsp;&nbsp;&nbsp;&nbsp;&nbsp;&nbsp;&nbsp;&nbsp;&nbsp;&nbsp;&nbsp;&nbsp;&nbsp;&nbsp;&nbsp;&nbsp;&nbsp;&nbsp;&nbsp;&nbsp;&nbsp;&nbsp;&nbsp;&nbsp;&nbsp;&nbsp;&nbsp;&nbsp;&nbsp;&nbsp;&nbsp; Kl&nbsp;&nbsp;&nbsp;&nbsp;&nbsp;&nbsp;&nbsp;&nbsp;&nbsp;&nbsp;&nbsp;&nbsp;&nbsp;&nbsp;&nbsp;&nbsp;&nbsp; 09.00-10.00 TOF<br>&nbsp;&nbsp;&nbsp;&nbsp;&nbsp;&nbsp;&nbsp;&nbsp;&nbsp;&nbsp;&nbsp;&nbsp;&nbsp;&nbsp;&nbsp;&nbsp;&nbsp;&nbsp;&nbsp;&nbsp;&nbsp;&nbsp;&nbsp;&nbsp;&nbsp;&nbsp;&nbsp;&nbsp;&nbsp;&nbsp;&nbsp;&nbsp;&nbsp;&nbsp;&nbsp;&nbsp; Ma. 24.&nbsp;&nbsp;&nbsp;&nbsp;&nbsp;&nbsp;&nbsp;&nbsp;&nbsp;&nbsp;&nbsp;&nbsp;&nbsp;&nbsp;&nbsp;&nbsp;&nbsp;&nbsp;&nbsp;&nbsp;&nbsp;&nbsp;&nbsp;&nbsp;&nbsp;&nbsp;&nbsp;&nbsp;&nbsp;&nbsp; KL&nbsp;&nbsp;&nbsp;&nbsp;&nbsp;&nbsp;&nbsp;&nbsp;&nbsp;&nbsp;&nbsp;&nbsp;&nbsp;&nbsp;&nbsp; 10.00-11.30 Skole<br>&nbsp;&nbsp;&nbsp;&nbsp;&nbsp;&nbsp;&nbsp;&nbsp;&nbsp;&nbsp;&nbsp; &nbsp;&nbsp;&nbsp;&nbsp;&nbsp;&nbsp;&nbsp;&nbsp;&nbsp;&nbsp;&nbsp;&nbsp;&nbsp;&nbsp;&nbsp;&nbsp;&nbsp;&nbsp;&nbsp;&nbsp;&nbsp;&nbsp;&nbsp;&nbsp; L\u00f8. 29.&nbsp;&nbsp;&nbsp;&nbsp;&nbsp;&nbsp;&nbsp;&nbsp;&nbsp;&nbsp;&nbsp;&nbsp;&nbsp;&nbsp;&nbsp;&nbsp;&nbsp;&nbsp;&nbsp;&nbsp;&nbsp;&nbsp;&nbsp;&nbsp;&nbsp;&nbsp;&nbsp;&nbsp;&nbsp;&nbsp;&nbsp; Kl.&nbsp;&nbsp;&nbsp;&nbsp;&nbsp;&nbsp;&nbsp;&nbsp;&nbsp;&nbsp;&nbsp;&nbsp;&nbsp;&nbsp;&nbsp;&nbsp; 09.00-10.00 TOF<br>December&nbsp;&nbsp;&nbsp;&nbsp;&nbsp;&nbsp;&nbsp;&nbsp;&nbsp;&nbsp;&nbsp;&nbsp;&nbsp;&nbsp;&nbsp;&nbsp;&nbsp;&nbsp;&nbsp;&nbsp; Man.29.&nbsp;&nbsp;&nbsp;&nbsp;&nbsp;&nbsp;&nbsp;&nbsp;&nbsp;&nbsp;&nbsp;&nbsp;&nbsp;&nbsp;&nbsp;&nbsp;&nbsp;&nbsp;&nbsp;&nbsp;&nbsp;&nbsp;&nbsp;&nbsp;&nbsp;&nbsp;&nbsp;&nbsp;&nbsp; &nbsp;&nbsp;&nbsp;&nbsp;&nbsp;&nbsp;&nbsp;&nbsp;&nbsp;&nbsp;&nbsp;&nbsp;&nbsp;&nbsp;&nbsp;&nbsp;&nbsp;&nbsp;&nbsp;&nbsp;&nbsp; Alle timer aflyst<br>Januar 2026<br>&nbsp;&nbsp;&nbsp;&nbsp;&nbsp;&nbsp;&nbsp;&nbsp;&nbsp;&nbsp;&nbsp;&nbsp;&nbsp;&nbsp;&nbsp;&nbsp;&nbsp;&nbsp;&nbsp;&nbsp;&nbsp;&nbsp;&nbsp;&nbsp;&nbsp;&nbsp;&nbsp;&nbsp;&nbsp;&nbsp;&nbsp;&nbsp;&nbsp;&nbsp;&nbsp;&nbsp; S\u00f8. 04&nbsp;&nbsp;&nbsp;&nbsp;&nbsp;&nbsp;&nbsp;&nbsp;&nbsp;&nbsp;&nbsp;&nbsp;&nbsp;&nbsp;&nbsp;&nbsp;&nbsp;&nbsp;&nbsp;&nbsp;&nbsp;&nbsp;&nbsp;&nbsp;&nbsp;&nbsp;&nbsp;&nbsp;&nbsp;&nbsp;&nbsp;&nbsp; KL&nbsp;&nbsp;&nbsp;&nbsp;&nbsp;&nbsp;&nbsp;&nbsp;&nbsp;&nbsp;&nbsp;&nbsp;&nbsp;&nbsp;&nbsp; 09.50-10.45 TBK<br>Februar&nbsp;&nbsp; &nbsp;&nbsp;&nbsp;&nbsp;&nbsp;&nbsp;&nbsp;&nbsp;&nbsp;&nbsp;&nbsp;&nbsp;&nbsp;&nbsp;&nbsp;&nbsp;&nbsp;&nbsp;&nbsp;&nbsp;&nbsp; Fr. 27L\u00f8.28.&nbsp; &nbsp;&nbsp;&nbsp;&nbsp;&nbsp;&nbsp;&nbsp;&nbsp;&nbsp;&nbsp;&nbsp;&nbsp;&nbsp;&nbsp;&nbsp;&nbsp;&nbsp;&nbsp;&nbsp;&nbsp;&nbsp; &nbsp;&nbsp;&nbsp;&nbsp;&nbsp;&nbsp;&nbsp;&nbsp;&nbsp;&nbsp;&nbsp;&nbsp;&nbsp;&nbsp;&nbsp;&nbsp;&nbsp;&nbsp;&nbsp;&nbsp;&nbsp; Alle timer aflyst<\/p>\n\n\n\n<p>Marts\u00a0\u00a0\u00a0\u00a0\u00a0\u00a0\u00a0\u00a0\u00a0\u00a0\u00a0\u00a0\u00a0\u00a0\u00a0\u00a0\u00a0\u00a0\u00a0\u00a0\u00a0\u00a0\u00a0\u00a0\u00a0\u00a0\u00a0 S\u00f8. 01\u00a0\u00a0\u00a0\u00a0\u00a0\u00a0\u00a0\u00a0\u00a0\u00a0\u00a0\u00a0\u00a0\u00a0\u00a0\u00a0\u00a0\u00a0\u00a0\u00a0\u00a0\u00a0\u00a0\u00a0\u00a0\u00a0\u00a0\u00a0\u00a0\u00a0\u00a0\u00a0\u00a0\u00a0\u00a0\u00a0\u00a0\u00a0\u00a0\u00a0\u00a0\u00a0\u00a0 \u00a0\u00a0\u00a0\u00a0\u00a0\u00a0\u00a0\u00a0\u00a0\u00a0\u00a0Alle timer aflyst\u00a0\u00a0\u00a0\u00a0\u00a0\u00a0\u00a0\u00a0\u00a0\u00a0\u00a0\u00a0\u00a0\u00a0<br>\u00a0\u00a0\u00a0\u00a0\u00a0\u00a0\u00a0\u00a0\u00a0\u00a0\u00a0\u00a0\u00a0\u00a0\u00a0\u00a0\u00a0\u00a0\u00a0\u00a0\u00a0\u00a0\u00a0\u00a0\u00a0\u00a0\u00a0\u00a0\u00a0\u00a0\u00a0\u00a0\u00a0\u00a0\u00a0\u00a0 <\/p>\n\n\n\n<p><strong><u>Leje af haltimer &#8211; henvendelse til Steen Hvenegaard tlf. 22174037, men helst p\u00e5 mail: toksvaerdhallen@gmail.com<\/u><\/strong><\/p>\n\n\n\n<p>Aktivitetsplan 19 2025-2026 13122025svh<\/p>\n","protected":false},"excerpt":{"rendered":"<p>Tr\u00e6ningstider TBK18\/8 &#8211; 2\/9 \u2013 18\/9 2025-28\/4 2026Tr\u00e6ningstider LGF 08\/9 2025-21\/3 2026Tr\u00e6ningstider TOF 24\/10 2025-27\/3 2026Lundebakkeskolens tider 11\/8 2025-26\/6 2026Holmegaard Heldagsskoles tider 21\/10 2025-07\/4 2026 &nbsp; Mandag Tirsdag Onsdag Torsdag Fredag L\u00f8rdag S\u00f8ndag &nbsp; 08.00- 08.45 &nbsp; &nbsp; CJ 3R PJ 3T &nbsp; &nbsp; 08.10 &nbsp;&nbsp; 08.10 &nbsp; &nbsp; 08.45- 09.30 ., &nbsp; CJ 3R [&hellip;]<\/p>\n","protected":false},"author":1,"featured_media":0,"parent":0,"menu_order":0,"comment_status":"closed","ping_status":"closed","template":"","meta":{"footnotes":""},"class_list":["post-34","page","type-page","status-publish","hentry"],"_links":{"self":[{"href":"https:\/\/toksvaerdhallen.dk\/index.php?rest_route=\/wp\/v2\/pages\/34","targetHints":{"allow":["GET"]}}],"collection":[{"href":"https:\/\/toksvaerdhallen.dk\/index.php?rest_route=\/wp\/v2\/pages"}],"about":[{"href":"https:\/\/toksvaerdhallen.dk\/index.php?rest_route=\/wp\/v2\/types\/page"}],"author":[{"embeddable":true,"href":"https:\/\/toksvaerdhallen.dk\/index.php?rest_route=\/wp\/v2\/users\/1"}],"replies":[{"embeddable":true,"href":"https:\/\/toksvaerdhallen.dk\/index.php?rest_route=%2Fwp%2Fv2%2Fcomments&post=34"}],"version-history":[{"count":17,"href":"https:\/\/toksvaerdhallen.dk\/index.php?rest_route=\/wp\/v2\/pages\/34\/revisions"}],"predecessor-version":[{"id":376,"href":"https:\/\/toksvaerdhallen.dk\/index.php?rest_route=\/wp\/v2\/pages\/34\/revisions\/376"}],"wp:attachment":[{"href":"https:\/\/toksvaerdhallen.dk\/index.php?rest_route=%2Fwp%2Fv2%2Fmedia&parent=34"}],"curies":[{"name":"wp","href":"https:\/\/api.w.org\/{rel}","templated":true}]}}