{"id":42,"date":"2025-05-28T14:15:35","date_gmt":"2025-05-28T14:15:35","guid":{"rendered":"https:\/\/toksvaerdhallen.dk\/?page_id=42"},"modified":"2025-05-28T15:37:28","modified_gmt":"2025-05-28T15:37:28","slug":"vedtaegter","status":"publish","type":"page","link":"http:\/\/toksvaerdhallen.dk\/?page_id=42","title":{"rendered":"Vedt\u00e6gter"},"content":{"rendered":"\n<p><em>Sidst \u00e6ndret p\u00e5 Generalforsamling&nbsp;100315&nbsp;&nbsp;\u00a712 og 14<\/em><\/p>\n\n\n\n<p><strong>Paragraf 1<\/strong><br>Institutionens navn er Den selvejende institution Toksv\u00e6rd Hallen, og hjemstedet er N\u00e6stved kommune.<\/p>\n\n\n\n<p><strong>Paragraf 2<\/strong><br>Institutionens form\u00e5l er: At drive en idr\u00e6tshal med tilh\u00f8rende anl\u00e6g i N\u00e6stved kommune og fremme enhver form for idr\u00e6t, at virke som samlingssted for egnens befolkning samt st\u00f8tte det kulturelle liv p\u00e5 egnen.<br>Det er tilladt hallens bestyrelse at bestemme, at hallen ogs\u00e5 kan anvendes til m\u00f8der, udstillinger, kongresser, koncerter o. lign. form\u00e5l.<\/p>\n\n\n\n<p><strong>Paragraf 3<\/strong><br>Som medlemmer af den selvejende institution kan optages personer, institutioner, foreninger, selskaber m.m.<br>Valgbarhed p\u00e5 generalforsamlingen er uafh\u00e6ngig af bop\u00e6lskommune.<\/p>\n\n\n\n<p><strong>Paragraf 4<\/strong><br>Bestyrelsen er hallens \u00f8verste myndighed.<br>Institutionens medlemmer h\u00e6fter ikke personligt for den p\u00e5hvilede g\u00e6ld.<\/p>\n\n\n\n<p><strong>Paragraf 5<\/strong><br>Stemmeberettigede p\u00e5 generalforsamlingen er personer, institutioner, foreninger og selskaber m.m., der er opf\u00f8rt som medlemmer af hallen.<br>Institutioner, foreninger og selskaber har\u00a0een\u00a0stemme p\u00e5 lige fod med enkeltmedlemmer.<br>Ethvert stemmeberettiget medlem kan kun stemme ved personligt fremm\u00f8de.<\/p>\n\n\n\n<p><strong>Paragraf 6<\/strong><br>Hallen ledes af en bestyrelse p\u00e5 7 medlemmer, hvoraf det ene er valgt blandt Hallens medarbejdere.<\/p>\n\n\n\n<p><strong>Paragraf 7<\/strong><br>Ordin\u00e6r generalforsamling afholdes \u00e9n gang \u00e5rligt inden 1. april.<br>Indvarsling skal ske med mindst 14 dages varsel p\u00e5 Hallens hjemmeside: www.toksvaerdhallen.dk og ved opslag i Hallen og hos den lokale k\u00f8bmand.<br>Dagsorden for generalforsamlingen er s\u00e5ledes:<br>1. Valg af dirigent og stemmet\u00e6llere.<br>2. Formandens beretning.<br>3. Forel\u00e6ggelse af det reviderede regnskab.<br>4. Indkomne forslag.<br>5. Valg af formand<br>6. Valg af kasserer.<br>7. Valg af \u00f8vrig bestyrelse<br>8. Valg af 2 bestyrelsessuppleanter.<br>9. Valg af 2 revisorer.<br>10. Valg af 1 revisorsuppleant.<br>11. Eventuelt.<br>Forslag, der \u00f8nskes behandlet p\u00e5 den ordin\u00e6re generalforsamling, skal indsendes skriftligt til formanden senest 8 dage f\u00f8r generalforsamlingen.<\/p>\n\n\n\n<p><strong>Paragraf 8<\/strong><br>Generalforsamlingens beslutninger er endelige.<\/p>\n\n\n\n<p><strong>Paragraf 9<\/strong><br>Der m\u00e5 i hallens bestyrelse ikke indv\u00e6lges personer, der er d\u00f8mt ved en domstol for noget kriminelt.<br>Personer, der er l\u00f8nnet af Hallen, kan ikke v\u00e6re blandt de generalforsamlingsvalgte bestyrelsesmedlemmer.<\/p>\n\n\n\n<p><strong>Paragraf 10<\/strong><br>Formand, kasserer og \u00f8vrig bestyrelse v\u00e6lges p\u00e5 generalforsamlingen for 2 \u00e5r ad gangen og med f\u00f8lgende sammens\u00e6tning:<br>Formand v\u00e6lges i ulige \u00e5r.<br>Kasserer v\u00e6lges i lige \u00e5r.<br>2 bestyrelsesmedlemmer v\u00e6lges i ulige \u00e5r.<br>2 bestyrelsesmedlemmer v\u00e6lges i lige \u00e5r.<br>1 observat\u00f8r (uden stemmeret) kan udpeges af N\u00e6stved Kommune.<br>Der v\u00e6lges 2 suppleanter for 1 \u00e5r ad gangen.<br>I tilf\u00e6lde af frafald indtr\u00e6der den p\u00e5g\u00e6ldende suppleant p\u00e5 den p\u00e5g\u00e6ldende plads indtil n\u00e6ste ordin\u00e6re generalforsamling.<br>Revisorerne v\u00e6lges for 2 \u00e5r. En v\u00e6lges i lige \u00e5r og en v\u00e6lges i ulige \u00e5r.<br>Revisorsuppleanten v\u00e6lges for et \u00e5r.<br>Alle valg kan, p\u00e5 forlangende, v\u00e6re skriftlige.<br>Ved valg af bestyrelsesmedlemmer v\u00e6lges \u00e9t medlem af gangen.<\/p>\n\n\n\n<p><strong>Paragraf 11<\/strong><br>Bestyrelsen konstituerer sig selv med n\u00e6stformand, regnskabsf\u00f8rer og sekret\u00e6r og udarbejder en forretningsorden, hvori de n\u00e6rmere regler for bestyrelses- og forretningsudvalgsm\u00f8dernes afvikling fasts\u00e6ttes.<br>I forretningsordenen optages endvidere bestemmelser om udlejning af lokaler, samt om eventuel ans\u00e6ttelse eller afskedigelse af l\u00f8nnet personale, herunder fast eller midlertidig bestyrer eller inspekt\u00f8r til at forest\u00e5 ledelsen af hallen.<\/p>\n\n\n\n<p><strong>Paragraf 12<\/strong><br>Bestyrelsen afholder mindst 4 m\u00f8der \u00e5rligt eller i \u00f8vrigt, n\u00e5r formanden \u00f8nsker det, eller 4 bestyrelsesmedlemmer frems\u00e6tter beg\u00e6ring herom.<br>Formanden foranlediger. at der senest 8 dage inden ordin\u00e6rt m\u00f8des afholdelse tilstilles hvert af bestyrelsens medlemmer en dagsorden.<br>M\u00f8dereferat udsendes senest 8 dage efter ethvert bestyrelsesm\u00f8de. Referatet godkendes p\u00e5 n\u00e6ste m\u00f8de, dog s\u00e5ledes at eventuelle indsigelser skal fremsendes til formanden senest 14 dage efter m\u00f8det.<\/p>\n\n\n\n<p><strong>Paragraf 13<\/strong><br>Medlemskontingentet for\u00a0enkeltmedlemmer ,\u00a0institutioner, foreninger, selskaber mm., fasts\u00e6ttes af bestyrelsen.<\/p>\n\n\n\n<p><strong>Paragraf 14<\/strong><br>Til at varetage hallens daglige ledelse og forpligte hallen i alle forhold neds\u00e6tter bestyrelsen et forretningsudvalg p\u00e5 mindst 3 medlemmer.<br>Formanden for bestyrelsen er f\u00f8dt formand for udvalget.<br>Hallen tegnes af formanden samt et bestyrelsesmedlem, sammen med kassereren.<\/p>\n\n\n\n<p><strong>Paragraf 15<\/strong><br>Forretningsudvalget \u00f8ver det umiddelbare tilsyn med hallens kasse- og regnskabsv\u00e6sen, derunder med en evt. halinspekt\u00f8rs forretninger.<br>Forretningsudvalget p\u00e5ser. at hallens indt\u00e6gter indg\u00e5r til rette tid, og hallens p\u00e5hvilede udgifter afholdes rettidigt og uden un\u00f8dig omkostning for hallen. Udvalget har i det hele indseende med alle\u00a0financielle\u00a0forhold, der vedr\u00f8rer hallen.<\/p>\n\n\n\n<p><strong>Paragraf 16<\/strong><br>K\u00f8b og salg samt pants\u00e6tning af fast ejendom skal godkendes af bestyrelsen, og sk\u00f8der, pantebreve, g\u00e6ldsbeviser andre forpligtende dokumenter, som udstedes, skal underskrives af hele bestyrelsen.<br>S\u00e5fremt der af det offentlige er afgivet kommunegaranti eller sikkerhedsstillelse, skal byr\u00e5dets godkendelse af de anf\u00f8rte dispositioner indhentes.<br>Andragender herom til byr\u00e5det skal vedl\u00e6gges sagens dokumenter samt udskrift af hallens forhandlingsprotokol.<\/p>\n\n\n\n<p><strong>Paragraf 17<\/strong><br>Over alle m\u00f8der i bestyrelsen og forretningsudvalget f\u00f8res en forhandlingsprotokol. Denne skal efter hvert m\u00f8des afslutning underskrives af samtlige tilstedev\u00e6rende medlemmer, efter at det tilf\u00f8rte er opl\u00e6st.<br>Medlemmer kan ikke &#8211; under henvisning til evt. stemmeafgivning eller andre grunde &#8211; v\u00e6gre sig ved at underskrive protokollen, men kan i den forbindelse f\u00e5 indf\u00f8jet afvigende mening.<\/p>\n\n\n\n<p><strong>Paragraf 18<\/strong><br>Referat af generalforsamlingen udf\u00e6rdiges af bestyrelsens sekret\u00e6r, underskrives af dirigenten og inds\u00e6ttes i en forhandlingsprotokol, autoriseret dertil af formanden.<\/p>\n\n\n\n<p><strong>Paragraf 19<\/strong><br>Hallens regnskab g\u00e5r fra den l. januar til den 31. december.<br>Der f\u00f8res et detailleret regnskab over indt\u00e6gter og udgifter, og der udf\u00e6rdiges status over hallens aktiver og passiver pr. 31. december.<\/p>\n\n\n\n<p><strong>Paragraf 20<\/strong><br>Slutter et regnskabs\u00e5r med underskud, s\u00f8ger bestyrelsen udvej til indd\u00e6kning af dette bel\u00f8b evt. gennem optagelse af forhandlinger med byr\u00e5det herom. Det p\u00e5hviler bestyrelsen at anvende \u00e5rets overskud, med fradrag af rimelige\u00a0henl\u00e6ggelser\u00a0\u00a0til\u00a0konsolidering af formuen, til institutionens form\u00e5l. Anvendelsen kan dog udskydes til et senere regnskabs\u00e5r, s\u00e5fremt det er af betydning for opfyldelse af institutionens form\u00e5l.<\/p>\n\n\n\n<p><strong>Paragraf 21<\/strong><br>Regnskabet gennemg\u00e5s af en godkendt revisor, som udpeges af bestyrelsen.<br>De p\u00e5 generalforsamlingen valgte revisorer foretager en kritisk gennemgang af regnskabet og fremkommer med evt. bem\u00e6rkninger p\u00e5 generalforsamlingen.<\/p>\n\n\n\n<p><strong>Paragraf 22<\/strong><br>Alle beslutninger p\u00e5 generalforsamlingen &#8211; bortset fra beslutninger om vedt\u00e6gts\u00e6ndringer og om hallens opl\u00f8sning &#8211; i bestyrelsen og forretningsudvalget sker ved almindelig stemmeflerhed.<br>l tilf\u00e6lde af stemmelighed i bestyrelsen og forretningsudvalget er dog formandens stemme afg\u00f8rende.<\/p>\n\n\n\n<p><strong>Paragraf 23<\/strong><br>Til vedtagelse af vedt\u00e6gts\u00e6ndringer kr\u00e6ves mindst 2\/3 majoritet blandt de afgivne stemmer.<\/p>\n\n\n\n<p><strong>Paragraf 24<\/strong><br>Ekstraordin\u00e6r generalforsamling kan afholdes, n\u00e5r bestyrelsen \u00f8nsker det, og skal afholdes, n\u00e5r mindst 2\/5 af medlemmerne skriftligt forlanger det med opgivelse af dagsorden.<br>Reglerne er de samme som for den ordin\u00e6re generalforsamling med de af forholdets natur f\u00f8lgende \u00e6ndringer.<\/p>\n\n\n\n<p><strong>Paragraf 25<\/strong><br>Bestyrelsen bemyndiges dog til at foretage s\u00e5danne \u00e6ndringer i denne vedt\u00e6gt, som det m\u00e5tte blive forlangt af de offentlige myndigheder.<br>\u00c6ndringerne forel\u00e6gges til orientering for medlemmerne p\u00e5 den f\u00f8rstkommende ordin\u00e6re generalforsamling.<\/p>\n\n\n\n<p><strong>Paragraf 26<\/strong><br>Til vedtagelse af hallens opl\u00f8sning kr\u00e6ves der tilstedev\u00e6relse af mindst halvdelen af medlemmerne.<br>Er dette antal ikke m\u00f8dt, kr\u00e6ves der til vedtagelse af et s\u00e5dant forslag over 3\/4 af de fremm\u00f8dte stemmer.<\/p>\n\n\n\n<p><strong>Paragraf 27<\/strong><br>En vedtagelse p\u00e5 en generalforsamling om hallens opl\u00f8sning skal godkendes p\u00e5 en ny generalforsamling, der afholdes med mindst 14 dages mellemrum.<br>Indkaldelse til den sidste generalforsamling kan lovligt udsendes samtidig med indkaldelse til den f\u00f8rste generalforsamling.<br>Dersom opl\u00f8sning med forn\u00f8den majoritet ikke er vedtaget p\u00e5 begge generalforsamlinger, indkaldes, dersom 2\/3 af de p\u00e5 den anden generalforsamling m\u00f8dte kr\u00e6ver det, til en ny ekstraordin\u00e6r generalforsamling med mindst 14 dages varsel til medlemmerne, og opl\u00f8sningen kan da vedtages p\u00e5 denne generalforsamling med almindelig stemmeflerhed.<\/p>\n\n\n\n<p><strong>Paragraf 28<\/strong><br>Generalforsamlingen kan ikke beslutte at oph\u00e6ve hallen uden f\u00f8rst at have givet N\u00e6stved kommune adgang til at overtage hallen for de til det p\u00e5g\u00e6ldende tidspunkt st\u00e5ende prioriteter. Denne bestemmelse kan tinglyses som en servitut p\u00e5 hallens blad i tingbogen.<\/p>\n\n\n\n<p><strong>Paragraf 29<\/strong><br>Opl\u00f8sning eller likvidation sker under ledelse af en eller flere af bestyrelsen valgte personer. Ved afslutningen af dette arbejde afl\u00e6gges regnskab over forl\u00f8bet af forretningen p\u00e5 en s\u00e6rlig generalforsamling.<\/p>\n\n\n\n<p><strong>Paragraf 30<\/strong><br>Et eventuelt overskud &#8211; efter omkostninger ved hallens opl\u00f8sning og hallens g\u00e6ld er betalt &#8211; tilfalder de lokale idr\u00e6tsforeninger, hjemmeh\u00f8rende i gamle Holmegaard kommune, der lejer hallen. Fordeling sker i forhold til de foreg\u00e5ende tre \u00e5rs lejeforbrug.<\/p>\n\n\n\n<p><strong><em>Vedt\u00e6gterne er fremlagt og vedtaget p\u00e5 generalforsamlingen d.11. marts 2014 og igen d.10.marts 2015 og begge gange underskrevet af dirigenten Hans Henrik Mortensen.<\/em><\/strong><\/p>\n","protected":false},"excerpt":{"rendered":"<p>Sidst \u00e6ndret p\u00e5 Generalforsamling&nbsp;100315&nbsp;&nbsp;\u00a712 og 14 Paragraf 1Institutionens navn er Den selvejende institution Toksv\u00e6rd Hallen, og hjemstedet er N\u00e6stved kommune. Paragraf 2Institutionens form\u00e5l er: At drive en idr\u00e6tshal med tilh\u00f8rende anl\u00e6g i N\u00e6stved kommune og fremme enhver form for idr\u00e6t, at virke som samlingssted for egnens befolkning samt st\u00f8tte det kulturelle liv p\u00e5 egnen.Det er [&hellip;]<\/p>\n","protected":false},"author":1,"featured_media":0,"parent":0,"menu_order":0,"comment_status":"closed","ping_status":"closed","template":"","meta":{"footnotes":""},"class_list":["post-42","page","type-page","status-publish","hentry"],"_links":{"self":[{"href":"http:\/\/toksvaerdhallen.dk\/index.php?rest_route=\/wp\/v2\/pages\/42","targetHints":{"allow":["GET"]}}],"collection":[{"href":"http:\/\/toksvaerdhallen.dk\/index.php?rest_route=\/wp\/v2\/pages"}],"about":[{"href":"http:\/\/toksvaerdhallen.dk\/index.php?rest_route=\/wp\/v2\/types\/page"}],"author":[{"embeddable":true,"href":"http:\/\/toksvaerdhallen.dk\/index.php?rest_route=\/wp\/v2\/users\/1"}],"replies":[{"embeddable":true,"href":"http:\/\/toksvaerdhallen.dk\/index.php?rest_route=%2Fwp%2Fv2%2Fcomments&post=42"}],"version-history":[{"count":3,"href":"http:\/\/toksvaerdhallen.dk\/index.php?rest_route=\/wp\/v2\/pages\/42\/revisions"}],"predecessor-version":[{"id":289,"href":"http:\/\/toksvaerdhallen.dk\/index.php?rest_route=\/wp\/v2\/pages\/42\/revisions\/289"}],"wp:attachment":[{"href":"http:\/\/toksvaerdhallen.dk\/index.php?rest_route=%2Fwp%2Fv2%2Fmedia&parent=42"}],"curies":[{"name":"wp","href":"https:\/\/api.w.org\/{rel}","templated":true}]}}