{"id":36,"date":"2025-05-28T14:14:06","date_gmt":"2025-05-28T14:14:06","guid":{"rendered":"https:\/\/toksvaerdhallen.dk\/?page_id=36"},"modified":"2025-06-19T19:25:01","modified_gmt":"2025-06-19T19:25:01","slug":"priser-og-betingelser","status":"publish","type":"page","link":"http:\/\/toksvaerdhallen.dk\/?page_id=36","title":{"rendered":"Priser og betingelser"},"content":{"rendered":"\n<p><strong><u>PRISER OG BETINGELSER FOR LEJE AF Toksv\u00e6rd Hallen.<\/u><\/strong><\/p>\n\n\n\n<p><strong>Idr\u00e6tslige form\u00e5l af private:<\/strong><br>Leje af 1 badmintonbane = 40 kr,-\/time<br>Leje af 2 badmintonbaner = 80 kr.\/time<br>Leje af hele hallen = 200 kr.\/time<\/p>\n\n\n\n<p><strong>Ikke idr\u00e6tslige form\u00e5l f.eks. b\u00f8rnef\u00f8dselsdage op til 5 timer:<\/strong><br>Hal + cafeteria lejes minimum 2 timer til kr. 200,-\/time + kr. 300,- i reng\u00f8ring<br>N\u00e5r Hallen lejes privat, kan drikkevarer medbringes uden beregning<\/p>\n\n\n\n<p><strong>Idr\u00e6tsforeningers arrangementer:<\/strong><br>Hver idr\u00e6tsforening m\u00e5 hvert \u00e5r afholde\u00a0\u00e8t\u00a0arrangement, hvor de selv medbringer og s\u00e6lger mad og drikkevarer.<\/p>\n\n\n\n<p><strong>Borde, stole og andre ting udlejes IKKE til private eller foreninger<\/strong><\/p>\n\n\n\n<p><strong>Priser for reklameskilte i Hallen:<\/strong><br>Langside 1&#215;2 m 1.200 kr.<br>Langside 1&#215;3 m 2.000 kr.<br>Gavl ved m\u00e5ltavle 1&#215;2 m 2.000 kr.<br>Gavl ved m\u00e5ltavle 1&#215;3 m 3.000, kr.<\/p>\n\n\n\n<p><strong>Idr\u00e6tsforeningers bookede timer SKAL betales, medmindre de bliver\u00a0afbooket\u00a0senest 3 uger f\u00f8r brug.<\/strong><\/p>\n\n\n\n<p><strong>Betaling for leje mm. inds\u00e6ttes p\u00e5 Toksv\u00e6rd Hallens konto nr. 6070 2086764 med angivelse af dato og navn senest 7 dage f\u00f8r arrangementet afholdes.<\/strong><\/p>\n\n\n\n<p><em>Priser\/betingelser ved leje af Toksv\u00e6rd Hallen opdateret 19062025<\/em><\/p>\n","protected":false},"excerpt":{"rendered":"<p>PRISER OG BETINGELSER FOR LEJE AF Toksv\u00e6rd Hallen. Idr\u00e6tslige form\u00e5l af private:Leje af 1 badmintonbane = 40 kr,-\/timeLeje af 2 badmintonbaner = 80 kr.\/timeLeje af hele hallen = 200 kr.\/time Ikke idr\u00e6tslige form\u00e5l f.eks. b\u00f8rnef\u00f8dselsdage op til 5 timer:Hal + cafeteria lejes minimum 2 timer til kr. 200,-\/time + kr. 300,- i reng\u00f8ringN\u00e5r Hallen lejes [&hellip;]<\/p>\n","protected":false},"author":1,"featured_media":0,"parent":0,"menu_order":0,"comment_status":"closed","ping_status":"closed","template":"","meta":{"footnotes":""},"class_list":["post-36","page","type-page","status-publish","hentry"],"_links":{"self":[{"href":"http:\/\/toksvaerdhallen.dk\/index.php?rest_route=\/wp\/v2\/pages\/36","targetHints":{"allow":["GET"]}}],"collection":[{"href":"http:\/\/toksvaerdhallen.dk\/index.php?rest_route=\/wp\/v2\/pages"}],"about":[{"href":"http:\/\/toksvaerdhallen.dk\/index.php?rest_route=\/wp\/v2\/types\/page"}],"author":[{"embeddable":true,"href":"http:\/\/toksvaerdhallen.dk\/index.php?rest_route=\/wp\/v2\/users\/1"}],"replies":[{"embeddable":true,"href":"http:\/\/toksvaerdhallen.dk\/index.php?rest_route=%2Fwp%2Fv2%2Fcomments&post=36"}],"version-history":[{"count":4,"href":"http:\/\/toksvaerdhallen.dk\/index.php?rest_route=\/wp\/v2\/pages\/36\/revisions"}],"predecessor-version":[{"id":309,"href":"http:\/\/toksvaerdhallen.dk\/index.php?rest_route=\/wp\/v2\/pages\/36\/revisions\/309"}],"wp:attachment":[{"href":"http:\/\/toksvaerdhallen.dk\/index.php?rest_route=%2Fwp%2Fv2%2Fmedia&parent=36"}],"curies":[{"name":"wp","href":"https:\/\/api.w.org\/{rel}","templated":true}]}}