{"id":317,"date":"2025-07-10T17:47:42","date_gmt":"2025-07-10T17:47:42","guid":{"rendered":"https:\/\/toksvaerdhallen.dk\/?page_id=317"},"modified":"2025-07-10T17:47:42","modified_gmt":"2025-07-10T17:47:42","slug":"lukkevagter","status":"publish","type":"page","link":"http:\/\/toksvaerdhallen.dk\/?page_id=317","title":{"rendered":"Lukkevagter"},"content":{"rendered":"\n<p><strong>J<\/strong> <strong>LUKKE &#8211; UGER I HALLEN 2025\/2026<\/strong><\/p>\n\n\n\n<p><strong>&nbsp;&nbsp;&nbsp; <\/strong><strong>HUSK AT RINGE TIL DEN N\u00c6STE P\u00c5 LISTEN N\u00c5R DER SKIFTES UGE!<\/strong><\/p>\n\n\n\n<figure class=\"wp-block-table\"><table class=\"has-fixed-layout\"><tbody><tr><td>&nbsp; <strong>Uge<\/strong><\/td><td><strong>&nbsp;<\/strong> <strong>Navn<\/strong><\/td><td><strong>&nbsp;<\/strong> <strong>Tlf.<\/strong><\/td><td><strong>&nbsp;<\/strong> <strong>Uge<\/strong><\/td><td><strong>&nbsp;<\/strong> <strong>Navn<\/strong><\/td><\/tr><tr><td><strong>&nbsp;<\/strong> <strong>&nbsp;<\/strong><\/td><td><strong>&nbsp;<\/strong> <strong>&nbsp;&nbsp;&nbsp;&nbsp;&nbsp;&nbsp;&nbsp;&nbsp;&nbsp;&nbsp;&nbsp;&nbsp;&nbsp;&nbsp;&nbsp;&nbsp;<\/strong><\/td><td><strong>&nbsp;<\/strong> <strong>&nbsp;<\/strong><\/td><td><strong>&nbsp;<\/strong> <strong>3<\/strong><\/td><td><strong>&nbsp;<\/strong> <strong>MORTEN P.<\/strong><\/td><\/tr><tr><td><strong>&nbsp;<\/strong> <strong>34<\/strong><\/td><td><strong>&nbsp;<\/strong> <strong>CLAUS&nbsp;&nbsp;&nbsp;&nbsp;&nbsp;&nbsp;&nbsp;&nbsp;&nbsp;&nbsp;&nbsp;&nbsp;&nbsp;&nbsp;<\/strong><\/td><td><strong>&nbsp;<\/strong> <strong>27796835<\/strong><\/td><td><strong>&nbsp;<\/strong> <strong>4<\/strong><\/td><td><strong>&nbsp;<\/strong> <strong>STEEN<\/strong><\/td><\/tr><tr><td><strong>&nbsp;<\/strong> <strong>35<\/strong><\/td><td>JOHN J&nbsp;&nbsp;&nbsp;&nbsp;&nbsp;&nbsp;&nbsp; &nbsp;<\/td><td><strong>&nbsp;<\/strong> <strong>21734517\/30915614<\/strong><\/td><td><strong>&nbsp;<\/strong> <strong>5<\/strong><\/td><td><strong>&nbsp;<\/strong> <strong>JOHN L<\/strong><\/td><\/tr><tr><td><strong>&nbsp;<\/strong> <strong>36<\/strong><\/td><td><strong>&nbsp;<\/strong> <strong>MARTIN FOLI&nbsp;&nbsp;&nbsp;&nbsp;&nbsp;&nbsp;&nbsp;&nbsp;&nbsp;&nbsp;&nbsp;&nbsp;&nbsp;<\/strong><\/td><td><strong>&nbsp;<\/strong> <strong>24460487<\/strong><\/td><td><strong>&nbsp;<\/strong> <strong>6<\/strong><\/td><td><strong>&nbsp;<\/strong> <strong>LEIF<\/strong><\/td><\/tr><tr><td><strong>&nbsp;<\/strong> <strong>37<\/strong><\/td><td><strong>&nbsp;<\/strong> <strong>KIM ( ANNE-MARIE)&nbsp;&nbsp;&nbsp;&nbsp;&nbsp;&nbsp;<\/strong><\/td><td><strong>&nbsp;<\/strong> <strong>40354059<\/strong><\/td><td><strong>&nbsp;<\/strong> <strong>7<\/strong><\/td><td><strong>KIM (WANNA)<\/strong><\/td><\/tr><tr><td><strong>&nbsp;<\/strong> <strong>38<\/strong><\/td><td><strong>&nbsp;<\/strong> <strong>MARTIN TOFT&nbsp;&nbsp;&nbsp;&nbsp;&nbsp;&nbsp;&nbsp;&nbsp;&nbsp;<\/strong><\/td><td><strong>&nbsp;<\/strong> <strong>21623045<\/strong><\/td><td><strong>&nbsp;<\/strong> <strong>8<\/strong><\/td><td><strong>&nbsp;<\/strong> <strong>CLAUS<\/strong><\/td><\/tr><tr><td><strong>&nbsp;<\/strong> <strong>39<\/strong><\/td><td><strong>&nbsp;<\/strong> <strong>JENS&nbsp;&nbsp;&nbsp;&nbsp;&nbsp;&nbsp;&nbsp;&nbsp;&nbsp;&nbsp;&nbsp;&nbsp;&nbsp;&nbsp;&nbsp;&nbsp;&nbsp;<\/strong><\/td><td><strong>&nbsp;<\/strong> <strong>30349014<\/strong><\/td><td><strong>&nbsp;<\/strong> <strong>9<\/strong><\/td><td><strong>&nbsp;<\/strong> <strong>JOHN J<\/strong><\/td><\/tr><tr><td><strong>&nbsp;<\/strong> <strong>40<\/strong><\/td><td><strong>&nbsp;<\/strong> <strong>NIELS HENRIK<\/strong><\/td><td><strong>&nbsp;<\/strong> <strong>55540232\/24465167<\/strong><\/td><td><strong>&nbsp;<\/strong> <strong>10<\/strong><\/td><td><strong>&nbsp;<\/strong> <strong>MARTIN FOLI<\/strong><\/td><\/tr><tr><td><strong>&nbsp;<\/strong> <strong>41<\/strong><\/td><td><strong>&nbsp;<\/strong> <strong>BJARNE&nbsp;&nbsp;&nbsp;&nbsp;&nbsp;&nbsp;&nbsp;&nbsp;&nbsp;&nbsp;&nbsp;&nbsp;<\/strong><\/td><td><strong>&nbsp;<\/strong> <strong>22377999<\/strong><\/td><td><strong>&nbsp;<\/strong> <strong>11<\/strong><\/td><td><strong>&nbsp;<\/strong> <strong>KIM (ANNE-MARIE)<\/strong><\/td><\/tr><tr><td><strong>&nbsp;<\/strong> <strong>42<\/strong><\/td><td><strong>&nbsp;<\/strong> <strong>MORTEN P.&nbsp;&nbsp;&nbsp;&nbsp;&nbsp;&nbsp;&nbsp;&nbsp;&nbsp;&nbsp;<\/strong><\/td><td><strong>42524684<\/strong><\/td><td><strong>&nbsp;<\/strong> <strong>12<\/strong><\/td><td><strong>&nbsp;<\/strong> <strong>MARTIN TOFT<\/strong><\/td><\/tr><tr><td><strong>&nbsp;<\/strong> <strong>43<\/strong><\/td><td><strong>&nbsp;<\/strong> <strong>STEEN&nbsp;&nbsp;&nbsp;&nbsp;&nbsp;&nbsp;&nbsp;&nbsp; <\/strong>&nbsp;&nbsp;&nbsp;<\/td><td><strong>&nbsp;<\/strong> <strong>22174037<\/strong><\/td><td><strong>&nbsp;<\/strong> <strong>13<\/strong><\/td><td><strong>&nbsp;<\/strong> <strong>JENS<\/strong><\/td><\/tr><tr><td><strong>&nbsp;<\/strong> <strong>44<\/strong><\/td><td><strong>&nbsp;<\/strong> <strong>JOHN L&nbsp;&nbsp;&nbsp;&nbsp;&nbsp;&nbsp;&nbsp;&nbsp;&nbsp;&nbsp;&nbsp;&nbsp;&nbsp;<\/strong><\/td><td><strong>&nbsp;<\/strong> <strong>93942860<\/strong><\/td><td><strong>&nbsp;<\/strong> <strong>14<\/strong><\/td><td><strong>&nbsp;<\/strong> <strong>NIELS HENRIK<\/strong><\/td><\/tr><tr><td><strong>&nbsp;<\/strong> <strong>45<\/strong><\/td><td><strong>&nbsp;<\/strong> <strong>LEIF&nbsp;&nbsp;&nbsp;&nbsp;&nbsp;&nbsp;&nbsp;&nbsp;&nbsp;&nbsp;&nbsp;&nbsp;&nbsp;&nbsp;&nbsp;&nbsp;&nbsp;&nbsp;<\/strong><\/td><td><strong>&nbsp;<\/strong> <strong>55563088\/21243088<\/strong><\/td><td><strong>&nbsp;<\/strong> <strong>15<\/strong><\/td><td><strong>&nbsp;<\/strong> <strong>BJARNE<\/strong><\/td><\/tr><tr><td><strong>&nbsp;<\/strong> <strong>46<\/strong><\/td><td><strong>KIM (WANNA)<\/strong><\/td><td><strong>23363084<\/strong><\/td><td><strong>&nbsp;<\/strong> <strong>16<\/strong><\/td><td><strong>MORTEN P.<\/strong><\/td><\/tr><tr><td><strong>&nbsp;<\/strong> <strong>47<\/strong><\/td><td><strong>&nbsp;<\/strong> <strong>CLAUS<\/strong><\/td><td><strong>&nbsp;<\/strong> <strong>&nbsp;<\/strong><\/td><td><strong>&nbsp;<\/strong> <strong>17<\/strong><\/td><td><strong>&nbsp;<\/strong> <strong>STEEN<\/strong><\/td><\/tr><tr><td><strong>&nbsp;<\/strong> <strong>48<\/strong><\/td><td><strong>&nbsp;<\/strong> <strong>JOHN J<\/strong><\/td><td><strong>&nbsp;<\/strong> <strong>&nbsp;<\/strong><\/td><td><strong>&nbsp;<\/strong> <strong>18<\/strong><\/td><td><strong>&nbsp;<\/strong> <strong>JOHN L<\/strong><\/td><\/tr><tr><td><strong>&nbsp;<\/strong> <strong>49<\/strong><\/td><td><strong>&nbsp;<\/strong> <strong>MARTIN FOLI<\/strong><\/td><td><strong>&nbsp;<\/strong> <strong>&nbsp;<\/strong><\/td><td><strong>&nbsp;<\/strong> <strong>&nbsp;<\/strong><\/td><td><strong>&nbsp;<\/strong> <strong>&nbsp;<\/strong><\/td><\/tr><tr><td><strong>&nbsp;<\/strong> <strong>50<\/strong><\/td><td><strong>KIM (ANNE-MARIE)<\/strong><\/td><td><strong>&nbsp;<\/strong> <strong>&nbsp;<\/strong><\/td><td><strong>&nbsp;<\/strong> <strong>&nbsp;<\/strong><\/td><td><strong>&nbsp;<\/strong> <strong>&nbsp;<\/strong><\/td><\/tr><tr><td><strong>&nbsp;<\/strong> <strong>51<\/strong><\/td><td><strong>MARTIN TOFT<\/strong><\/td><td><strong>&nbsp;<\/strong> <strong>&nbsp;<\/strong><\/td><td><strong>&nbsp;<\/strong> <strong>&nbsp;<\/strong><\/td><td><strong>&nbsp;<\/strong> <strong>&nbsp;<\/strong><\/td><\/tr><tr><td><strong>&nbsp;<\/strong> <strong>52<\/strong><\/td><td><strong>&nbsp;<\/strong> <strong>JENS<\/strong><\/td><td><strong>&nbsp;<\/strong> <strong>&nbsp;<\/strong><\/td><td><strong>&nbsp;<\/strong> <strong>&nbsp;<\/strong><\/td><td><strong>&nbsp;<\/strong> <strong>&nbsp;<\/strong><\/td><\/tr><tr><td><strong>&nbsp;<\/strong> <strong>1<\/strong><\/td><td><strong>&nbsp;<\/strong> <strong>NIELS HENRIK<\/strong><\/td><td><strong>&nbsp;<\/strong> <strong>&nbsp;<\/strong><\/td><td><strong>&nbsp;<\/strong> <strong>&nbsp;<\/strong><\/td><td><strong>&nbsp;<\/strong> <strong>&nbsp;<\/strong><\/td><\/tr><tr><td><strong>&nbsp;<\/strong> <strong>2<\/strong><\/td><td><strong>&nbsp;<\/strong> <strong>BJARNE<\/strong><\/td><td><strong>&nbsp;<\/strong> <strong>&nbsp;<\/strong><\/td><td><strong>&nbsp;<\/strong> <strong>&nbsp;<\/strong><\/td><td><strong>&nbsp;<\/strong> <strong>&nbsp;<\/strong><\/td><\/tr><\/tbody><\/table><\/figure>\n\n\n\n<p>Lukkevagter 2025\/2026 15-5-2025 SVH<\/p>\n","protected":false},"excerpt":{"rendered":"<p>J LUKKE &#8211; UGER I HALLEN 2025\/2026 &nbsp;&nbsp;&nbsp; HUSK AT RINGE TIL DEN N\u00c6STE P\u00c5 LISTEN N\u00c5R DER SKIFTES UGE! &nbsp; Uge &nbsp; Navn &nbsp; Tlf. &nbsp; Uge &nbsp; Navn &nbsp; &nbsp; &nbsp; &nbsp;&nbsp;&nbsp;&nbsp;&nbsp;&nbsp;&nbsp;&nbsp;&nbsp;&nbsp;&nbsp;&nbsp;&nbsp;&nbsp;&nbsp;&nbsp; &nbsp; &nbsp; &nbsp; 3 &nbsp; MORTEN P. &nbsp; 34 &nbsp; CLAUS&nbsp;&nbsp;&nbsp;&nbsp;&nbsp;&nbsp;&nbsp;&nbsp;&nbsp;&nbsp;&nbsp;&nbsp;&nbsp;&nbsp; &nbsp; 27796835 &nbsp; 4 &nbsp; STEEN &nbsp; 35 JOHN J&nbsp;&nbsp;&nbsp;&nbsp;&nbsp;&nbsp;&nbsp; [&hellip;]<\/p>\n","protected":false},"author":1,"featured_media":0,"parent":0,"menu_order":0,"comment_status":"closed","ping_status":"closed","template":"","meta":{"footnotes":""},"class_list":["post-317","page","type-page","status-publish","hentry"],"_links":{"self":[{"href":"http:\/\/toksvaerdhallen.dk\/index.php?rest_route=\/wp\/v2\/pages\/317","targetHints":{"allow":["GET"]}}],"collection":[{"href":"http:\/\/toksvaerdhallen.dk\/index.php?rest_route=\/wp\/v2\/pages"}],"about":[{"href":"http:\/\/toksvaerdhallen.dk\/index.php?rest_route=\/wp\/v2\/types\/page"}],"author":[{"embeddable":true,"href":"http:\/\/toksvaerdhallen.dk\/index.php?rest_route=\/wp\/v2\/users\/1"}],"replies":[{"embeddable":true,"href":"http:\/\/toksvaerdhallen.dk\/index.php?rest_route=%2Fwp%2Fv2%2Fcomments&post=317"}],"version-history":[{"count":1,"href":"http:\/\/toksvaerdhallen.dk\/index.php?rest_route=\/wp\/v2\/pages\/317\/revisions"}],"predecessor-version":[{"id":319,"href":"http:\/\/toksvaerdhallen.dk\/index.php?rest_route=\/wp\/v2\/pages\/317\/revisions\/319"}],"wp:attachment":[{"href":"http:\/\/toksvaerdhallen.dk\/index.php?rest_route=%2Fwp%2Fv2%2Fmedia&parent=317"}],"curies":[{"name":"wp","href":"https:\/\/api.w.org\/{rel}","templated":true}]}}