{"id":30,"date":"2025-05-28T14:12:44","date_gmt":"2025-05-28T14:12:44","guid":{"rendered":"https:\/\/toksvaerdhallen.dk\/?page_id=30"},"modified":"2025-12-02T17:54:00","modified_gmt":"2025-12-02T17:54:00","slug":"om_hallen","status":"publish","type":"page","link":"http:\/\/toksvaerdhallen.dk\/?page_id=30","title":{"rendered":"Om Hallen"},"content":{"rendered":"\n<p>Toksv\u00e6rd Hallen er en selvejende institution beliggende i Toksv\u00e6rd 10 km \u00f8st for N\u00e6stved p\u00e5 Tokesvej 2, 4684 Holmegaard.<br><br>Hallen er opf\u00f8rt i 1990, og st\u00e5r i dag som en moderne, s\u00e6rdeles velholdt og meget funktionel sportshal.\u00a0Hallen rummer udover selve sportsarealet ogs\u00e5 et mindre cafeteria med plads til omkring 50 spisende g\u00e6ster.<br>Cafeteria har kun \u00e5bent ved st\u00f8rre st\u00e6vner. Til daglig kan man k\u00f8be vand og \u00f8l i Hallens automat. Toksv\u00e6rd Hallen tilbyder gratis tr\u00e5dl\u00f8st internet til hallens g\u00e6ster og brugere.<br>Omr\u00e5dets idr\u00e6tsforeninger og Lundebakkeskolens Toksv\u00e6rd afdeling er Hallens brugere til sportslige og undervisningsm\u00e6ssige aktiviteter.\u00a0Privat kan man kun leje Hallen til b\u00f8rnef\u00f8dselsdage.<br><br>Kontakt formand Steen Hvenegaard p\u00e5 mail:\u00a0<a href=\"mailto:toksvaerdhallen@gmail.com\">toksvaerdhallen@gmail.com<\/a><\/p>\n\n\n\n<p><\/p>\n","protected":false},"excerpt":{"rendered":"<p>Toksv\u00e6rd Hallen er en selvejende institution beliggende i Toksv\u00e6rd 10 km \u00f8st for N\u00e6stved p\u00e5 Tokesvej 2, 4684 Holmegaard. Hallen er opf\u00f8rt i 1990, og st\u00e5r i dag som en moderne, s\u00e6rdeles velholdt og meget funktionel sportshal.\u00a0Hallen rummer udover selve sportsarealet ogs\u00e5 et mindre cafeteria med plads til omkring 50 spisende g\u00e6ster.Cafeteria har kun \u00e5bent [&hellip;]<\/p>\n","protected":false},"author":1,"featured_media":0,"parent":0,"menu_order":0,"comment_status":"closed","ping_status":"closed","template":"","meta":{"footnotes":""},"class_list":["post-30","page","type-page","status-publish","hentry"],"_links":{"self":[{"href":"http:\/\/toksvaerdhallen.dk\/index.php?rest_route=\/wp\/v2\/pages\/30","targetHints":{"allow":["GET"]}}],"collection":[{"href":"http:\/\/toksvaerdhallen.dk\/index.php?rest_route=\/wp\/v2\/pages"}],"about":[{"href":"http:\/\/toksvaerdhallen.dk\/index.php?rest_route=\/wp\/v2\/types\/page"}],"author":[{"embeddable":true,"href":"http:\/\/toksvaerdhallen.dk\/index.php?rest_route=\/wp\/v2\/users\/1"}],"replies":[{"embeddable":true,"href":"http:\/\/toksvaerdhallen.dk\/index.php?rest_route=%2Fwp%2Fv2%2Fcomments&post=30"}],"version-history":[{"count":5,"href":"http:\/\/toksvaerdhallen.dk\/index.php?rest_route=\/wp\/v2\/pages\/30\/revisions"}],"predecessor-version":[{"id":350,"href":"http:\/\/toksvaerdhallen.dk\/index.php?rest_route=\/wp\/v2\/pages\/30\/revisions\/350"}],"wp:attachment":[{"href":"http:\/\/toksvaerdhallen.dk\/index.php?rest_route=%2Fwp%2Fv2%2Fmedia&parent=30"}],"curies":[{"name":"wp","href":"https:\/\/api.w.org\/{rel}","templated":true}]}}